{"id":1426,"date":"2024-01-06T10:30:09","date_gmt":"2024-01-06T13:30:09","guid":{"rendered":"http:\/\/consertoimpressoraepson.com.br\/?page_id=1426"},"modified":"2024-02-01T12:33:20","modified_gmt":"2024-02-01T15:33:20","slug":"impressora-epson-l475","status":"publish","type":"page","link":"https:\/\/assistenciaimpressoraepson.com.br\/index.php\/impressora-epson-l475\/","title":{"rendered":"Assist\u00eancia T\u00e9cnica e Manuten\u00e7\u00e3o Especializada para Impressora Epson EcoTank L475"},"content":{"rendered":"\n<p>Se a sua EcoTank L475 apresenta problemas, conte com nossa assist\u00eancia t\u00e9cnica especializada para oferecer solu\u00e7\u00f5es confi\u00e1veis. Com expertise neste modelo espec\u00edfico, garantimos diagn\u00f3sticos precisos, reparos especializados e manuten\u00e7\u00e3o preventiva para manter sua impressora <a href=\"http:\/\/epson.com.br\">Epson <\/a>EcoTank L475 funcionando em \u00f3timas condi\u00e7\u00f5es.<\/p>\n\n\n\n<p>Manuten\u00e7\u00e3o Preventiva Especializada: Al\u00e9m dos reparos, oferecemos servi\u00e7os de manuten\u00e7\u00e3o preventiva, incluindo limpeza de componentes internos, verifica\u00e7\u00e3o de conex\u00f5es e lubrifica\u00e7\u00e3o. Isso assegura o funcionamento cont\u00ednuo da sua impressora Epson EcoTank L475 e prolonga sua vida \u00fatil.<br>Compromisso com a Qualidade: Portanto o Nosso compromisso \u00e9 fornecer servi\u00e7os de assist\u00eancia t\u00e9cnica que atendam \u00e0s especificidades da impressora Epson EcoTank , garantindo a satisfa\u00e7\u00e3o e confian\u00e7a do cliente.<\/p>\n\n\n\n<h2 class=\"wp-block-heading\">Reparos especializados e manuten\u00e7\u00e3o preventiva para manter sua EcoTank L475<\/h2>\n\n\n\n<p><br>Reparos especializados e manuten\u00e7\u00e3o preventiva para manter sua EcoTank L475<br>Al\u00e9m disso a Impressora Multifuncional com Bulk de Fabrica e Wi-Fi. A tinta que parece inesgot\u00e1vel. A multifuncional Epson Tanque de Tinta L365 traz os benef\u00edcios.<\/p>\n\n\n\n<p>Manuten\u00e7\u00e3o de toda linha de impressoras Epson Ecotank. Linhas L365 L375 L395 L475 L475 L495 L1300 L1800 L800 L810 L3110 L3150 L4150 L4160 L5190 L6161 L6171<br>Portanto em outras palavras Manuten\u00e7\u00e3o de toda linha de impressoras Epson Ecotank. Linhas L365 L375 L395 L475 L475 L495 L1300 L1800 L800 L810 L3110 L3150 L4150 L4160 L5190 L6161 L6171 . Problemas de falha de impress\u00e3o, atolamento de pap\u00e9is, substitui\u00e7\u00e3o de almofada, dentro outros. Traga seu equipamento em nossa assist\u00eancia em tenha um or\u00e7amento sem compromisso em at\u00e9 3 dias.<br>A msinfotec \u00e9 especialista em manuten\u00e7\u00e3o de impressoras EPSON ECOTANK. Atendemos todas as linhas de pequeno, m\u00e9dio e grande porte. Com um laborat\u00f3rio t\u00e9cnico equipado e profissionais qualificados fornecemos um or\u00e7amento r\u00e1pido sem compromisso<\/p>\n\n\n\n<p>Acima de Tudo Executamos servi\u00e7os de Assist\u00eancia T\u00e9cnica Impressoras Epson pequeno, m\u00e9dio e grande porte em toda Zona Sul. Nossos produtos s\u00e3o regularizados e usamos \u2026<\/p>\n\n\n\n<p>No entanto O profissional em Montagem e Manuten\u00e7\u00e3o de Impressora Epson Ecotank \u00e9 essencial para empresas e usu\u00e1rios que buscam uma opera\u00e7\u00e3o eficiente e econ\u00f4mica<\/p>\n\n\n\n<figure class=\"wp-block-image size-full\" id=\"Assist\u00eancia-T\u00e9cnica-e-Manuten\u00e7\u00e3o-Especializada-para-Impressora-Epson-EcoTank-L475\"><img data-recalc-dims=\"1\" loading=\"lazy\" decoding=\"async\" width=\"300\" height=\"169\" src=\"https:\/\/i0.wp.com\/consertoimpressoraepson.com.br\/wp-content\/uploads\/2023\/11\/Assistencia-Impressora-Epson-Ecotank-L355-11-3462-5314.png?resize=300%2C169\" alt=\"\" class=\"wp-image-233\" title=\"Assist\u00eancia T\u00e9cnica e Manuten\u00e7\u00e3o Especializada para Impressora Epson EcoTank L475\"\/><\/figure>\n","protected":false},"excerpt":{"rendered":"<p>Se a sua EcoTank L475 apresenta problemas, conte com nossa assist\u00eancia t\u00e9cnica especializada para oferecer solu\u00e7\u00f5es confi\u00e1veis. Com expertise neste modelo espec\u00edfico, garantimos diagn\u00f3sticos precisos, reparos especializados e manuten\u00e7\u00e3o preventiva para manter sua impressora Epson EcoTank L475 funcionando em \u00f3timas condi\u00e7\u00f5es. Manuten\u00e7\u00e3o Preventiva Especializada: Al\u00e9m dos reparos, oferecemos servi\u00e7os de manuten\u00e7\u00e3o preventiva, incluindo limpeza de [&hellip;]<\/p>\n","protected":false},"author":1,"featured_media":57,"parent":0,"menu_order":0,"comment_status":"closed","ping_status":"closed","template":"","meta":{"footnotes":""},"class_list":["post-1426","page","type-page","status-publish","has-post-thumbnail","hentry"],"yoast_head":"<!-- This site is optimized with the Yoast SEO plugin v27.5 - https:\/\/yoast.com\/product\/yoast-seo-wordpress\/ -->\n<title>Assist\u00eancia T\u00e9cnica Impressora Epson EcoTank L475<\/title>\n<meta name=\"description\" content=\"Assist\u00eancia T\u00e9cnica e Manuten\u00e7\u00e3o Especializada para Impressora Epson EcoTank L475 - Fone 113462-5314 Or\u00e7amento Gratuito\" \/>\n<meta name=\"robots\" content=\"index, follow, max-snippet:-1, max-image-preview:large, max-video-preview:-1\" \/>\n<link rel=\"canonical\" href=\"https:\/\/assistenciaimpressoraepson.com.br\/index.php\/impressora-epson-l475\/\" \/>\n<meta property=\"og:locale\" content=\"pt_BR\" \/>\n<meta property=\"og:type\" content=\"article\" \/>\n<meta property=\"og:title\" content=\"Assist\u00eancia T\u00e9cnica Impressora Epson EcoTank L475\" \/>\n<meta property=\"og:description\" content=\"Assist\u00eancia T\u00e9cnica e Manuten\u00e7\u00e3o Especializada para Impressora Epson EcoTank L475 - Fone 113462-5314 Or\u00e7amento Gratuito\" \/>\n<meta property=\"og:url\" content=\"https:\/\/assistenciaimpressoraepson.com.br\/index.php\/impressora-epson-l475\/\" \/>\n<meta property=\"og:site_name\" content=\"Assist\u00eancia T\u00e9cnica Impressora Epson\" \/>\n<meta property=\"article:modified_time\" content=\"2024-02-01T15:33:20+00:00\" \/>\n<meta property=\"og:image\" content=\"https:\/\/i0.wp.com\/consertoimpressoraepson.com.br\/wp-content\/uploads\/2023\/11\/download-2.png?fit=457%2C110&ssl=1\" \/>\n\t<meta property=\"og:image:width\" content=\"457\" \/>\n\t<meta property=\"og:image:height\" content=\"110\" \/>\n\t<meta property=\"og:image:type\" content=\"image\/png\" \/>\n<meta name=\"twitter:card\" content=\"summary_large_image\" \/>\n<meta name=\"twitter:label1\" content=\"Est. tempo de leitura\" \/>\n\t<meta name=\"twitter:data1\" content=\"3 minutos\" \/>\n<script type=\"application\/ld+json\" class=\"yoast-schema-graph\">{\"@context\":\"https:\\\/\\\/schema.org\",\"@graph\":[{\"@type\":\"WebPage\",\"@id\":\"https:\\\/\\\/assistenciaimpressoraepson.com.br\\\/index.php\\\/impressora-epson-l475\\\/\",\"url\":\"https:\\\/\\\/assistenciaimpressoraepson.com.br\\\/index.php\\\/impressora-epson-l475\\\/\",\"name\":\"Assist\u00eancia T\u00e9cnica Impressora Epson EcoTank L475\",\"isPartOf\":{\"@id\":\"https:\\\/\\\/assistenciaimpressoraepson.com.br\\\/#website\"},\"primaryImageOfPage\":{\"@id\":\"https:\\\/\\\/assistenciaimpressoraepson.com.br\\\/index.php\\\/impressora-epson-l475\\\/#primaryimage\"},\"image\":{\"@id\":\"https:\\\/\\\/assistenciaimpressoraepson.com.br\\\/index.php\\\/impressora-epson-l475\\\/#primaryimage\"},\"thumbnailUrl\":\"https:\\\/\\\/i0.wp.com\\\/assistenciaimpressoraepson.com.br\\\/wp-content\\\/uploads\\\/2023\\\/11\\\/download-2.png?fit=457%2C110&ssl=1\",\"datePublished\":\"2024-01-06T13:30:09+00:00\",\"dateModified\":\"2024-02-01T15:33:20+00:00\",\"description\":\"Assist\u00eancia T\u00e9cnica e Manuten\u00e7\u00e3o Especializada para Impressora Epson EcoTank L475 - Fone 113462-5314 Or\u00e7amento Gratuito\",\"breadcrumb\":{\"@id\":\"https:\\\/\\\/assistenciaimpressoraepson.com.br\\\/index.php\\\/impressora-epson-l475\\\/#breadcrumb\"},\"inLanguage\":\"pt-BR\",\"potentialAction\":[{\"@type\":\"ReadAction\",\"target\":[\"https:\\\/\\\/assistenciaimpressoraepson.com.br\\\/index.php\\\/impressora-epson-l475\\\/\"]}]},{\"@type\":\"ImageObject\",\"inLanguage\":\"pt-BR\",\"@id\":\"https:\\\/\\\/assistenciaimpressoraepson.com.br\\\/index.php\\\/impressora-epson-l475\\\/#primaryimage\",\"url\":\"https:\\\/\\\/i0.wp.com\\\/assistenciaimpressoraepson.com.br\\\/wp-content\\\/uploads\\\/2023\\\/11\\\/download-2.png?fit=457%2C110&ssl=1\",\"contentUrl\":\"https:\\\/\\\/i0.wp.com\\\/assistenciaimpressoraepson.com.br\\\/wp-content\\\/uploads\\\/2023\\\/11\\\/download-2.png?fit=457%2C110&ssl=1\",\"width\":457,\"height\":110,\"caption\":\"diagn\u00f3stico especializado da sua\u00a0impressora Epson EcoTank L220\"},{\"@type\":\"BreadcrumbList\",\"@id\":\"https:\\\/\\\/assistenciaimpressoraepson.com.br\\\/index.php\\\/impressora-epson-l475\\\/#breadcrumb\",\"itemListElement\":[{\"@type\":\"ListItem\",\"position\":1,\"name\":\"In\u00edcio\",\"item\":\"https:\\\/\\\/assistenciaimpressoraepson.com.br\\\/\"},{\"@type\":\"ListItem\",\"position\":2,\"name\":\"Assist\u00eancia T\u00e9cnica e Manuten\u00e7\u00e3o Especializada para Impressora Epson EcoTank L475\"}]},{\"@type\":\"WebSite\",\"@id\":\"https:\\\/\\\/assistenciaimpressoraepson.com.br\\\/#website\",\"url\":\"https:\\\/\\\/assistenciaimpressoraepson.com.br\\\/\",\"name\":\"Manuten\u00e7\u00e3o de todas impressoras Epson Ecotank. L355 L375 L395 L455 L475 L495 L1300 L1800 L800 L810 L3110 L3150 L4150 L4160 L5190 L6161 L6171\",\"description\":\"Manuten\u00e7\u00e3o de todas impressoras Epson Ecotank. L355 L375 L395 L455 L475 L495 L1300 L1800 L800 L810 L3110 L3150 L4150 L4160 L5190 L6161 L6171\",\"publisher\":{\"@id\":\"https:\\\/\\\/assistenciaimpressoraepson.com.br\\\/#organization\"},\"alternateName\":\"Manuten\u00e7\u00e3o de todas impressoras Epson Ecotank. L355 L375 L395 L455 L475 L495 L1300 L1800 L800 L810 L3110 L3150 L4150 L4160 L5190 L6161 L6171\",\"potentialAction\":[{\"@type\":\"SearchAction\",\"target\":{\"@type\":\"EntryPoint\",\"urlTemplate\":\"https:\\\/\\\/assistenciaimpressoraepson.com.br\\\/?s={search_term_string}\"},\"query-input\":{\"@type\":\"PropertyValueSpecification\",\"valueRequired\":true,\"valueName\":\"search_term_string\"}}],\"inLanguage\":\"pt-BR\"},{\"@type\":\"Organization\",\"@id\":\"https:\\\/\\\/assistenciaimpressoraepson.com.br\\\/#organization\",\"name\":\"Assist\u00eancia T\u00e9cnica Impressora Epson\",\"alternateName\":\"Assist\u00eancia T\u00e9cnica Impressora Epson Tabo\u00e3o da Serra\",\"url\":\"https:\\\/\\\/assistenciaimpressoraepson.com.br\\\/\",\"logo\":{\"@type\":\"ImageObject\",\"inLanguage\":\"pt-BR\",\"@id\":\"https:\\\/\\\/assistenciaimpressoraepson.com.br\\\/#\\\/schema\\\/logo\\\/image\\\/\",\"url\":\"https:\\\/\\\/i0.wp.com\\\/assistenciaimpressoraepson.com.br\\\/wp-content\\\/uploads\\\/2023\\\/11\\\/download-2.png?fit=457%2C110&ssl=1\",\"contentUrl\":\"https:\\\/\\\/i0.wp.com\\\/assistenciaimpressoraepson.com.br\\\/wp-content\\\/uploads\\\/2023\\\/11\\\/download-2.png?fit=457%2C110&ssl=1\",\"width\":457,\"height\":110,\"caption\":\"Assist\u00eancia T\u00e9cnica Impressora Epson\"},\"image\":{\"@id\":\"https:\\\/\\\/assistenciaimpressoraepson.com.br\\\/#\\\/schema\\\/logo\\\/image\\\/\"}}]}<\/script>\n<!-- \/ Yoast SEO plugin. -->","yoast_head_json":{"title":"Assist\u00eancia T\u00e9cnica Impressora Epson EcoTank L475","description":"Assist\u00eancia T\u00e9cnica e Manuten\u00e7\u00e3o Especializada para Impressora Epson EcoTank L475 - Fone 113462-5314 Or\u00e7amento Gratuito","robots":{"index":"index","follow":"follow","max-snippet":"max-snippet:-1","max-image-preview":"max-image-preview:large","max-video-preview":"max-video-preview:-1"},"canonical":"https:\/\/assistenciaimpressoraepson.com.br\/index.php\/impressora-epson-l475\/","og_locale":"pt_BR","og_type":"article","og_title":"Assist\u00eancia T\u00e9cnica Impressora Epson EcoTank L475","og_description":"Assist\u00eancia T\u00e9cnica e Manuten\u00e7\u00e3o Especializada para Impressora Epson EcoTank L475 - Fone 113462-5314 Or\u00e7amento Gratuito","og_url":"https:\/\/assistenciaimpressoraepson.com.br\/index.php\/impressora-epson-l475\/","og_site_name":"Assist\u00eancia T\u00e9cnica Impressora Epson","article_modified_time":"2024-02-01T15:33:20+00:00","og_image":[{"width":457,"height":110,"url":"https:\/\/i0.wp.com\/consertoimpressoraepson.com.br\/wp-content\/uploads\/2023\/11\/download-2.png?fit=457%2C110&ssl=1","type":"image\/png"}],"twitter_card":"summary_large_image","twitter_misc":{"Est. tempo de leitura":"3 minutos"},"schema":{"@context":"https:\/\/schema.org","@graph":[{"@type":"WebPage","@id":"https:\/\/assistenciaimpressoraepson.com.br\/index.php\/impressora-epson-l475\/","url":"https:\/\/assistenciaimpressoraepson.com.br\/index.php\/impressora-epson-l475\/","name":"Assist\u00eancia T\u00e9cnica Impressora Epson EcoTank L475","isPartOf":{"@id":"https:\/\/assistenciaimpressoraepson.com.br\/#website"},"primaryImageOfPage":{"@id":"https:\/\/assistenciaimpressoraepson.com.br\/index.php\/impressora-epson-l475\/#primaryimage"},"image":{"@id":"https:\/\/assistenciaimpressoraepson.com.br\/index.php\/impressora-epson-l475\/#primaryimage"},"thumbnailUrl":"https:\/\/i0.wp.com\/assistenciaimpressoraepson.com.br\/wp-content\/uploads\/2023\/11\/download-2.png?fit=457%2C110&ssl=1","datePublished":"2024-01-06T13:30:09+00:00","dateModified":"2024-02-01T15:33:20+00:00","description":"Assist\u00eancia T\u00e9cnica e Manuten\u00e7\u00e3o Especializada para Impressora Epson EcoTank L475 - Fone 113462-5314 Or\u00e7amento Gratuito","breadcrumb":{"@id":"https:\/\/assistenciaimpressoraepson.com.br\/index.php\/impressora-epson-l475\/#breadcrumb"},"inLanguage":"pt-BR","potentialAction":[{"@type":"ReadAction","target":["https:\/\/assistenciaimpressoraepson.com.br\/index.php\/impressora-epson-l475\/"]}]},{"@type":"ImageObject","inLanguage":"pt-BR","@id":"https:\/\/assistenciaimpressoraepson.com.br\/index.php\/impressora-epson-l475\/#primaryimage","url":"https:\/\/i0.wp.com\/assistenciaimpressoraepson.com.br\/wp-content\/uploads\/2023\/11\/download-2.png?fit=457%2C110&ssl=1","contentUrl":"https:\/\/i0.wp.com\/assistenciaimpressoraepson.com.br\/wp-content\/uploads\/2023\/11\/download-2.png?fit=457%2C110&ssl=1","width":457,"height":110,"caption":"diagn\u00f3stico especializado da sua\u00a0impressora Epson EcoTank L220"},{"@type":"BreadcrumbList","@id":"https:\/\/assistenciaimpressoraepson.com.br\/index.php\/impressora-epson-l475\/#breadcrumb","itemListElement":[{"@type":"ListItem","position":1,"name":"In\u00edcio","item":"https:\/\/assistenciaimpressoraepson.com.br\/"},{"@type":"ListItem","position":2,"name":"Assist\u00eancia T\u00e9cnica e Manuten\u00e7\u00e3o Especializada para Impressora Epson EcoTank L475"}]},{"@type":"WebSite","@id":"https:\/\/assistenciaimpressoraepson.com.br\/#website","url":"https:\/\/assistenciaimpressoraepson.com.br\/","name":"Manuten\u00e7\u00e3o de todas impressoras Epson Ecotank. L355 L375 L395 L455 L475 L495 L1300 L1800 L800 L810 L3110 L3150 L4150 L4160 L5190 L6161 L6171","description":"Manuten\u00e7\u00e3o de todas impressoras Epson Ecotank. L355 L375 L395 L455 L475 L495 L1300 L1800 L800 L810 L3110 L3150 L4150 L4160 L5190 L6161 L6171","publisher":{"@id":"https:\/\/assistenciaimpressoraepson.com.br\/#organization"},"alternateName":"Manuten\u00e7\u00e3o de todas impressoras Epson Ecotank. L355 L375 L395 L455 L475 L495 L1300 L1800 L800 L810 L3110 L3150 L4150 L4160 L5190 L6161 L6171","potentialAction":[{"@type":"SearchAction","target":{"@type":"EntryPoint","urlTemplate":"https:\/\/assistenciaimpressoraepson.com.br\/?s={search_term_string}"},"query-input":{"@type":"PropertyValueSpecification","valueRequired":true,"valueName":"search_term_string"}}],"inLanguage":"pt-BR"},{"@type":"Organization","@id":"https:\/\/assistenciaimpressoraepson.com.br\/#organization","name":"Assist\u00eancia T\u00e9cnica Impressora Epson","alternateName":"Assist\u00eancia T\u00e9cnica Impressora Epson Tabo\u00e3o da Serra","url":"https:\/\/assistenciaimpressoraepson.com.br\/","logo":{"@type":"ImageObject","inLanguage":"pt-BR","@id":"https:\/\/assistenciaimpressoraepson.com.br\/#\/schema\/logo\/image\/","url":"https:\/\/i0.wp.com\/assistenciaimpressoraepson.com.br\/wp-content\/uploads\/2023\/11\/download-2.png?fit=457%2C110&ssl=1","contentUrl":"https:\/\/i0.wp.com\/assistenciaimpressoraepson.com.br\/wp-content\/uploads\/2023\/11\/download-2.png?fit=457%2C110&ssl=1","width":457,"height":110,"caption":"Assist\u00eancia T\u00e9cnica Impressora Epson"},"image":{"@id":"https:\/\/assistenciaimpressoraepson.com.br\/#\/schema\/logo\/image\/"}}]}},"jetpack_sharing_enabled":true,"_links":{"self":[{"href":"https:\/\/assistenciaimpressoraepson.com.br\/index.php\/wp-json\/wp\/v2\/pages\/1426","targetHints":{"allow":["GET"]}}],"collection":[{"href":"https:\/\/assistenciaimpressoraepson.com.br\/index.php\/wp-json\/wp\/v2\/pages"}],"about":[{"href":"https:\/\/assistenciaimpressoraepson.com.br\/index.php\/wp-json\/wp\/v2\/types\/page"}],"author":[{"embeddable":true,"href":"https:\/\/assistenciaimpressoraepson.com.br\/index.php\/wp-json\/wp\/v2\/users\/1"}],"replies":[{"embeddable":true,"href":"https:\/\/assistenciaimpressoraepson.com.br\/index.php\/wp-json\/wp\/v2\/comments?post=1426"}],"version-history":[{"count":0,"href":"https:\/\/assistenciaimpressoraepson.com.br\/index.php\/wp-json\/wp\/v2\/pages\/1426\/revisions"}],"wp:featuredmedia":[{"embeddable":true,"href":"https:\/\/assistenciaimpressoraepson.com.br\/index.php\/wp-json\/wp\/v2\/media\/57"}],"wp:attachment":[{"href":"https:\/\/assistenciaimpressoraepson.com.br\/index.php\/wp-json\/wp\/v2\/media?parent=1426"}],"curies":[{"name":"wp","href":"https:\/\/api.w.org\/{rel}","templated":true}]}}