{"id":1367,"date":"2024-01-05T23:04:45","date_gmt":"2024-01-06T02:04:45","guid":{"rendered":"http:\/\/consertoimpressoraepson.com.br\/?page_id=1367"},"modified":"2024-01-31T23:44:42","modified_gmt":"2024-02-01T02:44:42","slug":"assistencia-tecnica-para-impressora-epson-eco-tank-l210","status":"publish","type":"page","link":"https:\/\/assistenciaimpressoraepson.com.br\/index.php\/assistencia-tecnica-para-impressora-epson-eco-tank-l210\/","title":{"rendered":"Assist\u00eancia T\u00e9cnica Impressora Epson EcoTank L210 TEL . 11 3462-5314"},"content":{"rendered":"<div class=\"style-610 style-local-1367-c1 position-relative\" data-colibri-id=\"1367-c1\">\n<div id=\"initial-content\" class=\"h-section h-section-global-spacing d-flex align-items-lg-center align-items-md-center align-items-center style-611 style-local-1367-c2 position-relative\" data-colibri-component=\"section\" data-colibri-id=\"1367-c2\">\n<div class=\"h-section-grid-container h-section-boxed-container\">\n<div class=\"h-row-container gutters-row-lg-2 gutters-row-md-2 gutters-row-0 gutters-row-v-lg-2 gutters-row-v-md-2 gutters-row-v-2 style-615 style-local-1367-c6 position-relative\" data-colibri-id=\"1367-c6\">\n<div class=\"h-row justify-content-lg-center justify-content-md-center justify-content-center align-items-lg-stretch align-items-md-stretch align-items-stretch gutters-col-lg-2 gutters-col-md-2 gutters-col-0 gutters-col-v-lg-2 gutters-col-v-md-2 gutters-col-v-2\">\n<div class=\"h-column h-column-container d-flex h-col-lg-auto h-col-md-auto h-col-auto style-616-outer style-local-1367-c7-outer\">\n<div class=\"d-flex h-flex-basis h-column__inner h-px-lg-2 h-px-md-2 h-px-2 v-inner-lg-2 v-inner-md-2 v-inner-2 style-616 style-local-1367-c7 position-relative\" data-colibri-id=\"1367-c7\">\n<div class=\"w-100 h-y-container h-column__content h-column__v-align flex-basis-100 align-self-lg-start align-self-md-start align-self-start\">\n<div class=\"h-global-transition-all h-heading style-617 style-local-1367-c8 position-relative h-element\" data-colibri-id=\"1367-c8\">\n<div class=\"h-heading__outer style-617 style-local-1367-c8\">\n<h2 class=\"\">Manuten\u00e7\u00e3o de toda linha de impressoras Epson Ecotank\u00a0<\/h2>\n<\/div>\n<\/div>\n<\/div>\n<\/div>\n<\/div>\n<\/div>\n<\/div>\n<\/div>\n<\/div>\n<\/div>\n\n\n<p><\/p>\n\n\n\n<p class=\"has-text-align-center\"> Se voc\u00ea possui uma impressora Epson EcoTank L210 e est\u00e1 enfrentando problemas, nossa equipe de assist\u00eancia t\u00e9cnica especializada est\u00e1 pronta para fornecer solu\u00e7\u00f5es eficientes e confi\u00e1veis.<\/p>\n\n\n\n<p class=\"has-text-align-center\"> Com conhecimento aprofundado nesse modelo espec\u00edfico, oferecemos diagn\u00f3stico preciso, reparo especializado e manuten\u00e7\u00e3o preventiva para manter sua EcoTank L em perfeito estado de funcionamento.<\/p>\n\n\n\n<p class=\"has-text-align-center\"><strong>Nossos Servi\u00e7os:<\/strong><\/p>\n\n\n\n<ol class=\"wp-block-list\">\n<li><strong>Diagn\u00f3stico Especializado:<\/strong> Iniciamos cada servi\u00e7o com um diagn\u00f3stico especializado da sua\n                        <a href=\"https:\/\/assistenciaimpressoraepson.com.br\/index.php\/assistencia-tecnica-especializada-para-impressora-epson-ecotank-l210\/\">impressora Epson EcoTank L210<\/a>. Nossos t\u00e9cnicos t\u00eam um entendimento detalhado desse modelo, permitindo uma an\u00e1lise precisa dos problemas e a implementa\u00e7\u00e3o de solu\u00e7\u00f5es eficazes.<\/li>\n<\/ol>\n\n\n\n<p><\/p>\n\n\n\n<ol class=\"wp-block-list\">\n<li><strong>Reparos Espec\u00edficos:<\/strong> Comprometemo-nos a fornecer reparos espec\u00edficos para a EcoTank, abordando qualquer problema de hardware ou software que seu equipamento possa estar enfrentando.<\/li>\n\n\n\n<li> Utilizamos pe\u00e7as originais para garantir a qualidade e a durabilidade do conserto.<\/li>\n<\/ol>\n\n\n\n<p><\/p>\n\n\n\n<ol class=\"wp-block-list\">\n<li><strong>Atualiza\u00e7\u00f5es de Firmware:<\/strong> Mantemos nossos t\u00e9cnicos atualizados com as \u00faltimas atualiza\u00e7\u00f5es de firmware da Epson, permitindo-nos oferecer servi\u00e7os de atualiza\u00e7\u00e3o para melhorar o desempenho e a compatibilidade da sua impressora EcoTank L.<\/li>\n<\/ol>\n\n\n\n<p><\/p>\n\n\n\n<p><strong>Assist\u00eancia T\u00e9cnica Epson:<\/strong> Al\u00e9m disso oferecemos servi\u00e7os de manuten\u00e7\u00e3o preventiva, incluindo limpeza de componentes internos, verifica\u00e7\u00e3o de conex\u00f5es e lubrifica\u00e7\u00e3o. <\/p>\n\n\n\n<p>Isso assegura o funcionamento  cont\u00ednuo da sua EcoTank L e prolonga sua vida \u00fatil.<\/p>\n\n\n\n<ol class=\"wp-block-list\">\n<li><\/li>\n<\/ol>\n\n\n\n<p><em>Manuten\u00e7\u00e3o Preventiva Especializada: Acima de tudo oferecemos servi\u00e7os de manuten\u00e7\u00e3o preventiva, incluindo limpeza de componentes internos, verifica\u00e7\u00e3o de conex\u00f5es e lubrifica\u00e7\u00e3o. Isso assegura o funcionamento                         cont\u00ednuo da sua EcoTank L e prolonga sua vida \u00fatil.<\/em><\/p>\n\n\n\n<p><strong>Manuten\u00e7\u00e3o Epson:<\/strong> Portanto Al\u00e9m dos reparos, oferecemos servi\u00e7os de manuten\u00e7\u00e3o preventiva, incluindo limpeza de componentes internos, verifica\u00e7\u00e3o de conex\u00f5es e lubrifica\u00e7\u00e3o.<\/p>\n\n\n\n<p>Isso assegura o funcionamento  cont\u00ednuo da sua EcoTank L e prolonga sua vida <\/p>\n\n\n\n<p><strong>Conserto Impressora Epson:<\/strong> Em outras palavras Al\u00e9m dos reparos, oferecemos servi\u00e7os de manuten\u00e7\u00e3o preventiva, incluindo limpeza de componentes internos, verifica\u00e7\u00e3o de conex\u00f5es e lubrifica\u00e7\u00e3o.<\/p>\n\n\n\n<p> Isso assegura o funcionamento cont\u00ednuo da sua EcoTank L e prolonga sua vida \u00fatil.<\/p>\n\n\n\n<figure class=\"wp-block-image size-full Assist\u00eancia T\u00e9cnica Especializada para Impressora Epson EcoTank L210\" id=\"Assist\u00eancia-T\u00e9cnica-Especializada-para-Impressora-Epson-EcoTank-L210\"><img data-recalc-dims=\"1\" loading=\"lazy\" decoding=\"async\" width=\"544\" height=\"512\" src=\"https:\/\/i0.wp.com\/consertoimpressoraepson.com.br\/wp-content\/uploads\/2023\/11\/cropped-l3110-1024x512-1.png?resize=544%2C512\" alt=\"Manuten\u00e7\u00e3o de toda linha de impressoras Epson Ecotank.\" class=\"wp-image-1324\" title=\"Assist\u00eancia T\u00e9cnica Especializada para Impressora Epson EcoTank L210\" srcset=\"https:\/\/i0.wp.com\/assistenciaimpressoraepson.com.br\/wp-content\/uploads\/2023\/11\/cropped-l3110-1024x512-1.png?w=544&amp;ssl=1 544w, https:\/\/i0.wp.com\/assistenciaimpressoraepson.com.br\/wp-content\/uploads\/2023\/11\/cropped-l3110-1024x512-1.png?resize=300%2C282&amp;ssl=1 300w\" sizes=\"auto, (max-width: 544px) 100vw, 544px\" \/><\/figure>\n\n\n\n<p>\n                      <a href=\"https:\/\/api.whatsapp.com\/send\/?phone=551134625314&amp;text&amp;type=phone_number&amp;app_absent=0\"><\/a>\n                    <\/p>\n\n\n<\/div>\n<\/div>\n<\/div>\n<\/div>\n<\/div>\n<\/div>\n<\/div>\n<\/div>\n<\/div>\n<\/div>","protected":false},"excerpt":{"rendered":"<p>Manuten\u00e7\u00e3o de toda linha de impressoras Epson Ecotank\u00a0 Se voc\u00ea possui uma impressora Epson EcoTank L210 e est\u00e1 enfrentando problemas, nossa equipe de assist\u00eancia t\u00e9cnica especializada est\u00e1 pronta para fornecer solu\u00e7\u00f5es eficientes e confi\u00e1veis. Com conhecimento aprofundado nesse modelo espec\u00edfico, oferecemos diagn\u00f3stico preciso, reparo especializado e manuten\u00e7\u00e3o preventiva para manter sua EcoTank L em perfeito [&hellip;]<\/p>\n","protected":false},"author":1,"featured_media":57,"parent":0,"menu_order":0,"comment_status":"closed","ping_status":"closed","template":"page-templates\/full-width-page.php","meta":{"footnotes":""},"class_list":["post-1367","page","type-page","status-publish","has-post-thumbnail","hentry"],"yoast_head":"<!-- This site is optimized with the Yoast SEO plugin v27.5 - https:\/\/yoast.com\/product\/yoast-seo-wordpress\/ -->\n<title>Assist\u00eancia T\u00e9cnica para Impressora Epson Eco Tank<\/title>\n<meta name=\"description\" content=\"Impressoras Epson Ecotank L210 L355 L375 L395 L455 L475 L495 L1300 L1800 L800 L810 L3110 L3150 L4150 L4160 L5190 L6161 L6171\" \/>\n<meta name=\"robots\" content=\"index, follow, max-snippet:-1, max-image-preview:large, max-video-preview:-1\" \/>\n<link rel=\"canonical\" href=\"https:\/\/assistenciaimpressoraepson.com.br\/index.php\/assistencia-tecnica-para-impressora-epson-eco-tank-l210\/\" \/>\n<meta property=\"og:locale\" content=\"pt_BR\" \/>\n<meta property=\"og:type\" content=\"article\" \/>\n<meta property=\"og:title\" content=\"Assist\u00eancia T\u00e9cnica para Impressora Epson Eco Tank\" \/>\n<meta property=\"og:description\" content=\"Impressoras Epson Ecotank L210 L355 L375 L395 L455 L475 L495 L1300 L1800 L800 L810 L3110 L3150 L4150 L4160 L5190 L6161 L6171\" \/>\n<meta property=\"og:url\" content=\"https:\/\/assistenciaimpressoraepson.com.br\/index.php\/assistencia-tecnica-para-impressora-epson-eco-tank-l210\/\" \/>\n<meta property=\"og:site_name\" content=\"Assist\u00eancia T\u00e9cnica Impressora Epson\" \/>\n<meta property=\"article:modified_time\" content=\"2024-02-01T02:44:42+00:00\" \/>\n<meta property=\"og:image\" content=\"https:\/\/i0.wp.com\/consertoimpressoraepson.com.br\/wp-content\/uploads\/2023\/11\/download-2.png?fit=457%2C110&ssl=1\" \/>\n\t<meta property=\"og:image:width\" content=\"457\" \/>\n\t<meta property=\"og:image:height\" content=\"110\" \/>\n\t<meta property=\"og:image:type\" content=\"image\/png\" \/>\n<meta name=\"twitter:card\" content=\"summary_large_image\" \/>\n<meta name=\"twitter:label1\" content=\"Est. tempo de leitura\" \/>\n\t<meta name=\"twitter:data1\" content=\"3 minutos\" \/>\n<script type=\"application\/ld+json\" class=\"yoast-schema-graph\">{\"@context\":\"https:\\\/\\\/schema.org\",\"@graph\":[{\"@type\":\"WebPage\",\"@id\":\"https:\\\/\\\/assistenciaimpressoraepson.com.br\\\/index.php\\\/assistencia-tecnica-para-impressora-epson-eco-tank-l210\\\/\",\"url\":\"https:\\\/\\\/assistenciaimpressoraepson.com.br\\\/index.php\\\/assistencia-tecnica-para-impressora-epson-eco-tank-l210\\\/\",\"name\":\"Assist\u00eancia T\u00e9cnica para Impressora Epson Eco Tank\",\"isPartOf\":{\"@id\":\"https:\\\/\\\/assistenciaimpressoraepson.com.br\\\/#website\"},\"primaryImageOfPage\":{\"@id\":\"https:\\\/\\\/assistenciaimpressoraepson.com.br\\\/index.php\\\/assistencia-tecnica-para-impressora-epson-eco-tank-l210\\\/#primaryimage\"},\"image\":{\"@id\":\"https:\\\/\\\/assistenciaimpressoraepson.com.br\\\/index.php\\\/assistencia-tecnica-para-impressora-epson-eco-tank-l210\\\/#primaryimage\"},\"thumbnailUrl\":\"https:\\\/\\\/i0.wp.com\\\/assistenciaimpressoraepson.com.br\\\/wp-content\\\/uploads\\\/2023\\\/11\\\/download-2.png?fit=457%2C110&ssl=1\",\"datePublished\":\"2024-01-06T02:04:45+00:00\",\"dateModified\":\"2024-02-01T02:44:42+00:00\",\"description\":\"Impressoras Epson Ecotank L210 L355 L375 L395 L455 L475 L495 L1300 L1800 L800 L810 L3110 L3150 L4150 L4160 L5190 L6161 L6171\",\"breadcrumb\":{\"@id\":\"https:\\\/\\\/assistenciaimpressoraepson.com.br\\\/index.php\\\/assistencia-tecnica-para-impressora-epson-eco-tank-l210\\\/#breadcrumb\"},\"inLanguage\":\"pt-BR\",\"potentialAction\":[{\"@type\":\"ReadAction\",\"target\":[\"https:\\\/\\\/assistenciaimpressoraepson.com.br\\\/index.php\\\/assistencia-tecnica-para-impressora-epson-eco-tank-l210\\\/\"]}]},{\"@type\":\"ImageObject\",\"inLanguage\":\"pt-BR\",\"@id\":\"https:\\\/\\\/assistenciaimpressoraepson.com.br\\\/index.php\\\/assistencia-tecnica-para-impressora-epson-eco-tank-l210\\\/#primaryimage\",\"url\":\"https:\\\/\\\/i0.wp.com\\\/assistenciaimpressoraepson.com.br\\\/wp-content\\\/uploads\\\/2023\\\/11\\\/download-2.png?fit=457%2C110&ssl=1\",\"contentUrl\":\"https:\\\/\\\/i0.wp.com\\\/assistenciaimpressoraepson.com.br\\\/wp-content\\\/uploads\\\/2023\\\/11\\\/download-2.png?fit=457%2C110&ssl=1\",\"width\":457,\"height\":110,\"caption\":\"diagn\u00f3stico especializado da sua\u00a0impressora Epson EcoTank L220\"},{\"@type\":\"BreadcrumbList\",\"@id\":\"https:\\\/\\\/assistenciaimpressoraepson.com.br\\\/index.php\\\/assistencia-tecnica-para-impressora-epson-eco-tank-l210\\\/#breadcrumb\",\"itemListElement\":[{\"@type\":\"ListItem\",\"position\":1,\"name\":\"In\u00edcio\",\"item\":\"https:\\\/\\\/assistenciaimpressoraepson.com.br\\\/\"},{\"@type\":\"ListItem\",\"position\":2,\"name\":\"Assist\u00eancia T\u00e9cnica Impressora Epson EcoTank L210 TEL . 11 3462-5314\"}]},{\"@type\":\"WebSite\",\"@id\":\"https:\\\/\\\/assistenciaimpressoraepson.com.br\\\/#website\",\"url\":\"https:\\\/\\\/assistenciaimpressoraepson.com.br\\\/\",\"name\":\"Manuten\u00e7\u00e3o de todas impressoras Epson Ecotank. L355 L375 L395 L455 L475 L495 L1300 L1800 L800 L810 L3110 L3150 L4150 L4160 L5190 L6161 L6171\",\"description\":\"Manuten\u00e7\u00e3o de todas impressoras Epson Ecotank. L355 L375 L395 L455 L475 L495 L1300 L1800 L800 L810 L3110 L3150 L4150 L4160 L5190 L6161 L6171\",\"publisher\":{\"@id\":\"https:\\\/\\\/assistenciaimpressoraepson.com.br\\\/#organization\"},\"alternateName\":\"Manuten\u00e7\u00e3o de todas impressoras Epson Ecotank. L355 L375 L395 L455 L475 L495 L1300 L1800 L800 L810 L3110 L3150 L4150 L4160 L5190 L6161 L6171\",\"potentialAction\":[{\"@type\":\"SearchAction\",\"target\":{\"@type\":\"EntryPoint\",\"urlTemplate\":\"https:\\\/\\\/assistenciaimpressoraepson.com.br\\\/?s={search_term_string}\"},\"query-input\":{\"@type\":\"PropertyValueSpecification\",\"valueRequired\":true,\"valueName\":\"search_term_string\"}}],\"inLanguage\":\"pt-BR\"},{\"@type\":\"Organization\",\"@id\":\"https:\\\/\\\/assistenciaimpressoraepson.com.br\\\/#organization\",\"name\":\"Assist\u00eancia T\u00e9cnica Impressora Epson\",\"alternateName\":\"Assist\u00eancia T\u00e9cnica Impressora Epson Tabo\u00e3o da Serra\",\"url\":\"https:\\\/\\\/assistenciaimpressoraepson.com.br\\\/\",\"logo\":{\"@type\":\"ImageObject\",\"inLanguage\":\"pt-BR\",\"@id\":\"https:\\\/\\\/assistenciaimpressoraepson.com.br\\\/#\\\/schema\\\/logo\\\/image\\\/\",\"url\":\"https:\\\/\\\/i0.wp.com\\\/assistenciaimpressoraepson.com.br\\\/wp-content\\\/uploads\\\/2023\\\/11\\\/download-2.png?fit=457%2C110&ssl=1\",\"contentUrl\":\"https:\\\/\\\/i0.wp.com\\\/assistenciaimpressoraepson.com.br\\\/wp-content\\\/uploads\\\/2023\\\/11\\\/download-2.png?fit=457%2C110&ssl=1\",\"width\":457,\"height\":110,\"caption\":\"Assist\u00eancia T\u00e9cnica Impressora Epson\"},\"image\":{\"@id\":\"https:\\\/\\\/assistenciaimpressoraepson.com.br\\\/#\\\/schema\\\/logo\\\/image\\\/\"}}]}<\/script>\n<!-- \/ Yoast SEO plugin. -->","yoast_head_json":{"title":"Assist\u00eancia T\u00e9cnica para Impressora Epson Eco Tank","description":"Impressoras Epson Ecotank L210 L355 L375 L395 L455 L475 L495 L1300 L1800 L800 L810 L3110 L3150 L4150 L4160 L5190 L6161 L6171","robots":{"index":"index","follow":"follow","max-snippet":"max-snippet:-1","max-image-preview":"max-image-preview:large","max-video-preview":"max-video-preview:-1"},"canonical":"https:\/\/assistenciaimpressoraepson.com.br\/index.php\/assistencia-tecnica-para-impressora-epson-eco-tank-l210\/","og_locale":"pt_BR","og_type":"article","og_title":"Assist\u00eancia T\u00e9cnica para Impressora Epson Eco Tank","og_description":"Impressoras Epson Ecotank L210 L355 L375 L395 L455 L475 L495 L1300 L1800 L800 L810 L3110 L3150 L4150 L4160 L5190 L6161 L6171","og_url":"https:\/\/assistenciaimpressoraepson.com.br\/index.php\/assistencia-tecnica-para-impressora-epson-eco-tank-l210\/","og_site_name":"Assist\u00eancia T\u00e9cnica Impressora Epson","article_modified_time":"2024-02-01T02:44:42+00:00","og_image":[{"width":457,"height":110,"url":"https:\/\/i0.wp.com\/consertoimpressoraepson.com.br\/wp-content\/uploads\/2023\/11\/download-2.png?fit=457%2C110&ssl=1","type":"image\/png"}],"twitter_card":"summary_large_image","twitter_misc":{"Est. tempo de leitura":"3 minutos"},"schema":{"@context":"https:\/\/schema.org","@graph":[{"@type":"WebPage","@id":"https:\/\/assistenciaimpressoraepson.com.br\/index.php\/assistencia-tecnica-para-impressora-epson-eco-tank-l210\/","url":"https:\/\/assistenciaimpressoraepson.com.br\/index.php\/assistencia-tecnica-para-impressora-epson-eco-tank-l210\/","name":"Assist\u00eancia T\u00e9cnica para Impressora Epson Eco Tank","isPartOf":{"@id":"https:\/\/assistenciaimpressoraepson.com.br\/#website"},"primaryImageOfPage":{"@id":"https:\/\/assistenciaimpressoraepson.com.br\/index.php\/assistencia-tecnica-para-impressora-epson-eco-tank-l210\/#primaryimage"},"image":{"@id":"https:\/\/assistenciaimpressoraepson.com.br\/index.php\/assistencia-tecnica-para-impressora-epson-eco-tank-l210\/#primaryimage"},"thumbnailUrl":"https:\/\/i0.wp.com\/assistenciaimpressoraepson.com.br\/wp-content\/uploads\/2023\/11\/download-2.png?fit=457%2C110&ssl=1","datePublished":"2024-01-06T02:04:45+00:00","dateModified":"2024-02-01T02:44:42+00:00","description":"Impressoras Epson Ecotank L210 L355 L375 L395 L455 L475 L495 L1300 L1800 L800 L810 L3110 L3150 L4150 L4160 L5190 L6161 L6171","breadcrumb":{"@id":"https:\/\/assistenciaimpressoraepson.com.br\/index.php\/assistencia-tecnica-para-impressora-epson-eco-tank-l210\/#breadcrumb"},"inLanguage":"pt-BR","potentialAction":[{"@type":"ReadAction","target":["https:\/\/assistenciaimpressoraepson.com.br\/index.php\/assistencia-tecnica-para-impressora-epson-eco-tank-l210\/"]}]},{"@type":"ImageObject","inLanguage":"pt-BR","@id":"https:\/\/assistenciaimpressoraepson.com.br\/index.php\/assistencia-tecnica-para-impressora-epson-eco-tank-l210\/#primaryimage","url":"https:\/\/i0.wp.com\/assistenciaimpressoraepson.com.br\/wp-content\/uploads\/2023\/11\/download-2.png?fit=457%2C110&ssl=1","contentUrl":"https:\/\/i0.wp.com\/assistenciaimpressoraepson.com.br\/wp-content\/uploads\/2023\/11\/download-2.png?fit=457%2C110&ssl=1","width":457,"height":110,"caption":"diagn\u00f3stico especializado da sua\u00a0impressora Epson EcoTank L220"},{"@type":"BreadcrumbList","@id":"https:\/\/assistenciaimpressoraepson.com.br\/index.php\/assistencia-tecnica-para-impressora-epson-eco-tank-l210\/#breadcrumb","itemListElement":[{"@type":"ListItem","position":1,"name":"In\u00edcio","item":"https:\/\/assistenciaimpressoraepson.com.br\/"},{"@type":"ListItem","position":2,"name":"Assist\u00eancia T\u00e9cnica Impressora Epson EcoTank L210 TEL . 11 3462-5314"}]},{"@type":"WebSite","@id":"https:\/\/assistenciaimpressoraepson.com.br\/#website","url":"https:\/\/assistenciaimpressoraepson.com.br\/","name":"Manuten\u00e7\u00e3o de todas impressoras Epson Ecotank. L355 L375 L395 L455 L475 L495 L1300 L1800 L800 L810 L3110 L3150 L4150 L4160 L5190 L6161 L6171","description":"Manuten\u00e7\u00e3o de todas impressoras Epson Ecotank. L355 L375 L395 L455 L475 L495 L1300 L1800 L800 L810 L3110 L3150 L4150 L4160 L5190 L6161 L6171","publisher":{"@id":"https:\/\/assistenciaimpressoraepson.com.br\/#organization"},"alternateName":"Manuten\u00e7\u00e3o de todas impressoras Epson Ecotank. L355 L375 L395 L455 L475 L495 L1300 L1800 L800 L810 L3110 L3150 L4150 L4160 L5190 L6161 L6171","potentialAction":[{"@type":"SearchAction","target":{"@type":"EntryPoint","urlTemplate":"https:\/\/assistenciaimpressoraepson.com.br\/?s={search_term_string}"},"query-input":{"@type":"PropertyValueSpecification","valueRequired":true,"valueName":"search_term_string"}}],"inLanguage":"pt-BR"},{"@type":"Organization","@id":"https:\/\/assistenciaimpressoraepson.com.br\/#organization","name":"Assist\u00eancia T\u00e9cnica Impressora Epson","alternateName":"Assist\u00eancia T\u00e9cnica Impressora Epson Tabo\u00e3o da Serra","url":"https:\/\/assistenciaimpressoraepson.com.br\/","logo":{"@type":"ImageObject","inLanguage":"pt-BR","@id":"https:\/\/assistenciaimpressoraepson.com.br\/#\/schema\/logo\/image\/","url":"https:\/\/i0.wp.com\/assistenciaimpressoraepson.com.br\/wp-content\/uploads\/2023\/11\/download-2.png?fit=457%2C110&ssl=1","contentUrl":"https:\/\/i0.wp.com\/assistenciaimpressoraepson.com.br\/wp-content\/uploads\/2023\/11\/download-2.png?fit=457%2C110&ssl=1","width":457,"height":110,"caption":"Assist\u00eancia T\u00e9cnica Impressora Epson"},"image":{"@id":"https:\/\/assistenciaimpressoraepson.com.br\/#\/schema\/logo\/image\/"}}]}},"jetpack_sharing_enabled":true,"_links":{"self":[{"href":"https:\/\/assistenciaimpressoraepson.com.br\/index.php\/wp-json\/wp\/v2\/pages\/1367","targetHints":{"allow":["GET"]}}],"collection":[{"href":"https:\/\/assistenciaimpressoraepson.com.br\/index.php\/wp-json\/wp\/v2\/pages"}],"about":[{"href":"https:\/\/assistenciaimpressoraepson.com.br\/index.php\/wp-json\/wp\/v2\/types\/page"}],"author":[{"embeddable":true,"href":"https:\/\/assistenciaimpressoraepson.com.br\/index.php\/wp-json\/wp\/v2\/users\/1"}],"replies":[{"embeddable":true,"href":"https:\/\/assistenciaimpressoraepson.com.br\/index.php\/wp-json\/wp\/v2\/comments?post=1367"}],"version-history":[{"count":20,"href":"https:\/\/assistenciaimpressoraepson.com.br\/index.php\/wp-json\/wp\/v2\/pages\/1367\/revisions"}],"predecessor-version":[{"id":1742,"href":"https:\/\/assistenciaimpressoraepson.com.br\/index.php\/wp-json\/wp\/v2\/pages\/1367\/revisions\/1742"}],"wp:featuredmedia":[{"embeddable":true,"href":"https:\/\/assistenciaimpressoraepson.com.br\/index.php\/wp-json\/wp\/v2\/media\/57"}],"wp:attachment":[{"href":"https:\/\/assistenciaimpressoraepson.com.br\/index.php\/wp-json\/wp\/v2\/media?parent=1367"}],"curies":[{"name":"wp","href":"https:\/\/api.w.org\/{rel}","templated":true}]}}