{"id":1361,"date":"2023-11-08T15:30:58","date_gmt":"2023-11-08T18:30:58","guid":{"rendered":"http:\/\/consertoimpressoraepson.com.br\/?page_id=1361"},"modified":"2023-11-08T15:32:02","modified_gmt":"2023-11-08T18:32:02","slug":"assistencia-impressora-epson-condominio-iolanda","status":"publish","type":"page","link":"https:\/\/assistenciaimpressoraepson.com.br\/index.php\/assistencia-impressora-epson-condominio-iolanda\/","title":{"rendered":"ASSIST\u00caNCIA IMPRESSORA EPSON CONDOMINIO \u00a0IOLANDA\u00a0"},"content":{"rendered":"","protected":false},"excerpt":{"rendered":"","protected":false},"author":1,"featured_media":0,"parent":0,"menu_order":0,"comment_status":"closed","ping_status":"closed","template":"","meta":{"footnotes":""},"class_list":["post-1361","page","type-page","status-publish","hentry"],"yoast_head":"<!-- This site is optimized with the Yoast SEO plugin v27.5 - https:\/\/yoast.com\/product\/yoast-seo-wordpress\/ -->\n<title>ASSIST\u00caNCIA IMPRESSORA EPSON CONDOMINIO \u00a0IOLANDA\u00a0 - Assist\u00eancia T\u00e9cnica Impressora Epson<\/title>\n<meta name=\"description\" content=\"ASSIST\u00caNCIA IMPRESSORA EPSON CONDOMINIO IOLANDA TELEFONES PARA CONTATO 11 93462-5314 OU 1198403-3190 DE SEGUNDA A SABADO\" \/>\n<meta name=\"robots\" content=\"index, follow, max-snippet:-1, max-image-preview:large, max-video-preview:-1\" \/>\n<link rel=\"canonical\" href=\"https:\/\/assistenciaimpressoraepson.com.br\/index.php\/assistencia-impressora-epson-condominio-iolanda\/\" \/>\n<meta property=\"og:locale\" content=\"pt_BR\" \/>\n<meta property=\"og:type\" content=\"article\" \/>\n<meta property=\"og:title\" content=\"ASSIST\u00caNCIA IMPRESSORA EPSON CONDOMINIO \u00a0IOLANDA\u00a0 - Assist\u00eancia T\u00e9cnica Impressora Epson\" \/>\n<meta property=\"og:description\" content=\"ASSIST\u00caNCIA IMPRESSORA EPSON CONDOMINIO IOLANDA TELEFONES PARA CONTATO 11 93462-5314 OU 1198403-3190 DE SEGUNDA A SABADO\" \/>\n<meta property=\"og:url\" content=\"https:\/\/assistenciaimpressoraepson.com.br\/index.php\/assistencia-impressora-epson-condominio-iolanda\/\" \/>\n<meta property=\"og:site_name\" content=\"Assist\u00eancia T\u00e9cnica Impressora Epson\" \/>\n<meta property=\"article:modified_time\" content=\"2023-11-08T18:32:02+00:00\" \/>\n<meta property=\"og:image\" content=\"https:\/\/i0.wp.com\/assistenciaimpressoraepson.com.br\/wp-content\/uploads\/2023\/11\/download-1.png?fit=300%2C168&ssl=1\" \/>\n\t<meta property=\"og:image:width\" content=\"300\" \/>\n\t<meta property=\"og:image:height\" content=\"168\" \/>\n\t<meta property=\"og:image:type\" content=\"image\/png\" \/>\n<meta name=\"twitter:card\" content=\"summary_large_image\" \/>\n<script type=\"application\/ld+json\" class=\"yoast-schema-graph\">{\"@context\":\"https:\\\/\\\/schema.org\",\"@graph\":[{\"@type\":\"WebPage\",\"@id\":\"https:\\\/\\\/assistenciaimpressoraepson.com.br\\\/index.php\\\/assistencia-impressora-epson-condominio-iolanda\\\/\",\"url\":\"https:\\\/\\\/assistenciaimpressoraepson.com.br\\\/index.php\\\/assistencia-impressora-epson-condominio-iolanda\\\/\",\"name\":\"ASSIST\u00caNCIA IMPRESSORA EPSON CONDOMINIO \u00a0IOLANDA\u00a0 - Assist\u00eancia T\u00e9cnica Impressora Epson\",\"isPartOf\":{\"@id\":\"https:\\\/\\\/assistenciaimpressoraepson.com.br\\\/#website\"},\"datePublished\":\"2023-11-08T18:30:58+00:00\",\"dateModified\":\"2023-11-08T18:32:02+00:00\",\"description\":\"ASSIST\u00caNCIA IMPRESSORA EPSON CONDOMINIO IOLANDA TELEFONES PARA CONTATO 11 93462-5314 OU 1198403-3190 DE SEGUNDA A SABADO\",\"breadcrumb\":{\"@id\":\"https:\\\/\\\/assistenciaimpressoraepson.com.br\\\/index.php\\\/assistencia-impressora-epson-condominio-iolanda\\\/#breadcrumb\"},\"inLanguage\":\"pt-BR\",\"potentialAction\":[{\"@type\":\"ReadAction\",\"target\":[\"https:\\\/\\\/assistenciaimpressoraepson.com.br\\\/index.php\\\/assistencia-impressora-epson-condominio-iolanda\\\/\"]}]},{\"@type\":\"BreadcrumbList\",\"@id\":\"https:\\\/\\\/assistenciaimpressoraepson.com.br\\\/index.php\\\/assistencia-impressora-epson-condominio-iolanda\\\/#breadcrumb\",\"itemListElement\":[{\"@type\":\"ListItem\",\"position\":1,\"name\":\"In\u00edcio\",\"item\":\"https:\\\/\\\/assistenciaimpressoraepson.com.br\\\/\"},{\"@type\":\"ListItem\",\"position\":2,\"name\":\"ASSIST\u00caNCIA IMPRESSORA EPSON CONDOMINIO \u00a0IOLANDA\u00a0\"}]},{\"@type\":\"WebSite\",\"@id\":\"https:\\\/\\\/assistenciaimpressoraepson.com.br\\\/#website\",\"url\":\"https:\\\/\\\/assistenciaimpressoraepson.com.br\\\/\",\"name\":\"Manuten\u00e7\u00e3o de todas impressoras Epson Ecotank. L355 L375 L395 L455 L475 L495 L1300 L1800 L800 L810 L3110 L3150 L4150 L4160 L5190 L6161 L6171\",\"description\":\"Manuten\u00e7\u00e3o de todas impressoras Epson Ecotank. L355 L375 L395 L455 L475 L495 L1300 L1800 L800 L810 L3110 L3150 L4150 L4160 L5190 L6161 L6171\",\"publisher\":{\"@id\":\"https:\\\/\\\/assistenciaimpressoraepson.com.br\\\/#organization\"},\"alternateName\":\"Manuten\u00e7\u00e3o de todas impressoras Epson Ecotank. L355 L375 L395 L455 L475 L495 L1300 L1800 L800 L810 L3110 L3150 L4150 L4160 L5190 L6161 L6171\",\"potentialAction\":[{\"@type\":\"SearchAction\",\"target\":{\"@type\":\"EntryPoint\",\"urlTemplate\":\"https:\\\/\\\/assistenciaimpressoraepson.com.br\\\/?s={search_term_string}\"},\"query-input\":{\"@type\":\"PropertyValueSpecification\",\"valueRequired\":true,\"valueName\":\"search_term_string\"}}],\"inLanguage\":\"pt-BR\"},{\"@type\":\"Organization\",\"@id\":\"https:\\\/\\\/assistenciaimpressoraepson.com.br\\\/#organization\",\"name\":\"Assist\u00eancia T\u00e9cnica Impressora Epson\",\"alternateName\":\"Assist\u00eancia T\u00e9cnica Impressora Epson Tabo\u00e3o da Serra\",\"url\":\"https:\\\/\\\/assistenciaimpressoraepson.com.br\\\/\",\"logo\":{\"@type\":\"ImageObject\",\"inLanguage\":\"pt-BR\",\"@id\":\"https:\\\/\\\/assistenciaimpressoraepson.com.br\\\/#\\\/schema\\\/logo\\\/image\\\/\",\"url\":\"https:\\\/\\\/i0.wp.com\\\/assistenciaimpressoraepson.com.br\\\/wp-content\\\/uploads\\\/2023\\\/11\\\/download-2.png?fit=457%2C110&ssl=1\",\"contentUrl\":\"https:\\\/\\\/i0.wp.com\\\/assistenciaimpressoraepson.com.br\\\/wp-content\\\/uploads\\\/2023\\\/11\\\/download-2.png?fit=457%2C110&ssl=1\",\"width\":457,\"height\":110,\"caption\":\"Assist\u00eancia T\u00e9cnica Impressora Epson\"},\"image\":{\"@id\":\"https:\\\/\\\/assistenciaimpressoraepson.com.br\\\/#\\\/schema\\\/logo\\\/image\\\/\"}}]}<\/script>\n<!-- \/ Yoast SEO plugin. -->","yoast_head_json":{"title":"ASSIST\u00caNCIA IMPRESSORA EPSON CONDOMINIO \u00a0IOLANDA\u00a0 - Assist\u00eancia T\u00e9cnica Impressora Epson","description":"ASSIST\u00caNCIA IMPRESSORA EPSON CONDOMINIO IOLANDA TELEFONES PARA CONTATO 11 93462-5314 OU 1198403-3190 DE SEGUNDA A SABADO","robots":{"index":"index","follow":"follow","max-snippet":"max-snippet:-1","max-image-preview":"max-image-preview:large","max-video-preview":"max-video-preview:-1"},"canonical":"https:\/\/assistenciaimpressoraepson.com.br\/index.php\/assistencia-impressora-epson-condominio-iolanda\/","og_locale":"pt_BR","og_type":"article","og_title":"ASSIST\u00caNCIA IMPRESSORA EPSON CONDOMINIO \u00a0IOLANDA\u00a0 - Assist\u00eancia T\u00e9cnica Impressora Epson","og_description":"ASSIST\u00caNCIA IMPRESSORA EPSON CONDOMINIO IOLANDA TELEFONES PARA CONTATO 11 93462-5314 OU 1198403-3190 DE SEGUNDA A SABADO","og_url":"https:\/\/assistenciaimpressoraepson.com.br\/index.php\/assistencia-impressora-epson-condominio-iolanda\/","og_site_name":"Assist\u00eancia T\u00e9cnica Impressora Epson","article_modified_time":"2023-11-08T18:32:02+00:00","og_image":[{"width":300,"height":168,"url":"https:\/\/i0.wp.com\/assistenciaimpressoraepson.com.br\/wp-content\/uploads\/2023\/11\/download-1.png?fit=300%2C168&ssl=1","type":"image\/png"}],"twitter_card":"summary_large_image","schema":{"@context":"https:\/\/schema.org","@graph":[{"@type":"WebPage","@id":"https:\/\/assistenciaimpressoraepson.com.br\/index.php\/assistencia-impressora-epson-condominio-iolanda\/","url":"https:\/\/assistenciaimpressoraepson.com.br\/index.php\/assistencia-impressora-epson-condominio-iolanda\/","name":"ASSIST\u00caNCIA IMPRESSORA EPSON CONDOMINIO \u00a0IOLANDA\u00a0 - Assist\u00eancia T\u00e9cnica Impressora Epson","isPartOf":{"@id":"https:\/\/assistenciaimpressoraepson.com.br\/#website"},"datePublished":"2023-11-08T18:30:58+00:00","dateModified":"2023-11-08T18:32:02+00:00","description":"ASSIST\u00caNCIA IMPRESSORA EPSON CONDOMINIO IOLANDA TELEFONES PARA CONTATO 11 93462-5314 OU 1198403-3190 DE SEGUNDA A SABADO","breadcrumb":{"@id":"https:\/\/assistenciaimpressoraepson.com.br\/index.php\/assistencia-impressora-epson-condominio-iolanda\/#breadcrumb"},"inLanguage":"pt-BR","potentialAction":[{"@type":"ReadAction","target":["https:\/\/assistenciaimpressoraepson.com.br\/index.php\/assistencia-impressora-epson-condominio-iolanda\/"]}]},{"@type":"BreadcrumbList","@id":"https:\/\/assistenciaimpressoraepson.com.br\/index.php\/assistencia-impressora-epson-condominio-iolanda\/#breadcrumb","itemListElement":[{"@type":"ListItem","position":1,"name":"In\u00edcio","item":"https:\/\/assistenciaimpressoraepson.com.br\/"},{"@type":"ListItem","position":2,"name":"ASSIST\u00caNCIA IMPRESSORA EPSON CONDOMINIO \u00a0IOLANDA\u00a0"}]},{"@type":"WebSite","@id":"https:\/\/assistenciaimpressoraepson.com.br\/#website","url":"https:\/\/assistenciaimpressoraepson.com.br\/","name":"Manuten\u00e7\u00e3o de todas impressoras Epson Ecotank. L355 L375 L395 L455 L475 L495 L1300 L1800 L800 L810 L3110 L3150 L4150 L4160 L5190 L6161 L6171","description":"Manuten\u00e7\u00e3o de todas impressoras Epson Ecotank. L355 L375 L395 L455 L475 L495 L1300 L1800 L800 L810 L3110 L3150 L4150 L4160 L5190 L6161 L6171","publisher":{"@id":"https:\/\/assistenciaimpressoraepson.com.br\/#organization"},"alternateName":"Manuten\u00e7\u00e3o de todas impressoras Epson Ecotank. L355 L375 L395 L455 L475 L495 L1300 L1800 L800 L810 L3110 L3150 L4150 L4160 L5190 L6161 L6171","potentialAction":[{"@type":"SearchAction","target":{"@type":"EntryPoint","urlTemplate":"https:\/\/assistenciaimpressoraepson.com.br\/?s={search_term_string}"},"query-input":{"@type":"PropertyValueSpecification","valueRequired":true,"valueName":"search_term_string"}}],"inLanguage":"pt-BR"},{"@type":"Organization","@id":"https:\/\/assistenciaimpressoraepson.com.br\/#organization","name":"Assist\u00eancia T\u00e9cnica Impressora Epson","alternateName":"Assist\u00eancia T\u00e9cnica Impressora Epson Tabo\u00e3o da Serra","url":"https:\/\/assistenciaimpressoraepson.com.br\/","logo":{"@type":"ImageObject","inLanguage":"pt-BR","@id":"https:\/\/assistenciaimpressoraepson.com.br\/#\/schema\/logo\/image\/","url":"https:\/\/i0.wp.com\/assistenciaimpressoraepson.com.br\/wp-content\/uploads\/2023\/11\/download-2.png?fit=457%2C110&ssl=1","contentUrl":"https:\/\/i0.wp.com\/assistenciaimpressoraepson.com.br\/wp-content\/uploads\/2023\/11\/download-2.png?fit=457%2C110&ssl=1","width":457,"height":110,"caption":"Assist\u00eancia T\u00e9cnica Impressora Epson"},"image":{"@id":"https:\/\/assistenciaimpressoraepson.com.br\/#\/schema\/logo\/image\/"}}]}},"jetpack_sharing_enabled":true,"_links":{"self":[{"href":"https:\/\/assistenciaimpressoraepson.com.br\/index.php\/wp-json\/wp\/v2\/pages\/1361","targetHints":{"allow":["GET"]}}],"collection":[{"href":"https:\/\/assistenciaimpressoraepson.com.br\/index.php\/wp-json\/wp\/v2\/pages"}],"about":[{"href":"https:\/\/assistenciaimpressoraepson.com.br\/index.php\/wp-json\/wp\/v2\/types\/page"}],"author":[{"embeddable":true,"href":"https:\/\/assistenciaimpressoraepson.com.br\/index.php\/wp-json\/wp\/v2\/users\/1"}],"replies":[{"embeddable":true,"href":"https:\/\/assistenciaimpressoraepson.com.br\/index.php\/wp-json\/wp\/v2\/comments?post=1361"}],"version-history":[{"count":0,"href":"https:\/\/assistenciaimpressoraepson.com.br\/index.php\/wp-json\/wp\/v2\/pages\/1361\/revisions"}],"wp:attachment":[{"href":"https:\/\/assistenciaimpressoraepson.com.br\/index.php\/wp-json\/wp\/v2\/media?parent=1361"}],"curies":[{"name":"wp","href":"https:\/\/api.w.org\/{rel}","templated":true}]}}