{"id":1350,"date":"2023-11-08T15:22:16","date_gmt":"2023-11-08T18:22:16","guid":{"rendered":"http:\/\/consertoimpressoraepson.com.br\/?page_id=1350"},"modified":"2023-11-08T15:27:16","modified_gmt":"2023-11-08T18:27:16","slug":"assistencia-impressora-epson-cidade-intercap","status":"publish","type":"page","link":"https:\/\/assistenciaimpressoraepson.com.br\/index.php\/assistencia-impressora-epson-cidade-intercap\/","title":{"rendered":"ASSIST\u00caNCIA IMPRESSORA EPSON CIDADE INTERCAP \u00a0\u00a0\u00a0\u00a0\u00a0"},"content":{"rendered":"<div data-colibri-id=\"1350-c1\" class=\"style-601 style-local-1350-c1 position-relative\">\n  <!---->\n  <div data-colibri-component=\"section\" data-colibri-id=\"1350-c2\" id=\"about\" class=\"h-section h-section-global-spacing d-flex align-items-lg-center align-items-md-center align-items-center style-602 style-local-1350-c2 position-relative\">\n    <!---->\n    <!---->\n    <div class=\"h-section-grid-container h-section-boxed-container\">\n      <!---->\n      <div data-colibri-id=\"1350-c3\" class=\"h-row-container gutters-row-lg-0 gutters-row-md-0 gutters-row-0 gutters-row-v-lg-0 gutters-row-v-md-0 gutters-row-v-0 style-603 style-local-1350-c3 position-relative\">\n        <!---->\n        <div class=\"h-row justify-content-lg-center justify-content-md-center justify-content-center align-items-lg-stretch align-items-md-stretch align-items-stretch gutters-col-lg-0 gutters-col-md-0 gutters-col-0 gutters-col-v-lg-0 gutters-col-v-md-0 gutters-col-v-0\">\n          <!---->\n          <div class=\"h-column h-column-container d-flex h-col-lg-auto h-col-md-auto h-col-auto style-604-outer style-local-1350-c4-outer\">\n            <div data-colibri-id=\"1350-c4\" class=\"d-flex h-flex-basis h-column__inner h-px-lg-0 h-px-md-0 h-px-0 v-inner-lg-0 v-inner-md-0 v-inner-0 style-604 style-local-1350-c4 position-relative\">\n              <!---->\n              <!---->\n              <div class=\"w-100 h-y-container h-column__content h-column__v-align flex-basis-100 align-self-lg-start align-self-md-start align-self-start\">\n                <!---->\n                <div data-colibri-id=\"1350-c5\" class=\"h-global-transition-all h-heading style-605 style-local-1350-c5 position-relative h-element\">\n                  <!---->\n                  <div class=\"h-heading__outer style-605 style-local-1350-c5\">\n                    <!---->\n                    <!---->\n                    <h5 class=\"\">About us<\/h5>\n                  <\/div>\n                <\/div>\n                <div data-colibri-id=\"1350-c6\" class=\"h-global-transition-all h-heading style-606 style-local-1350-c6 position-relative h-element\">\n                  <!---->\n                  <div class=\"h-heading__outer style-606 style-local-1350-c6\">\n                    <!---->\n                    <!---->\n                    <h2 class=\"\">ASSIST\u00caNCIA IMPRESSORA EPSON CIDADE INTERCAP &nbsp;&nbsp;<\/h2>\n                  <\/div>\n                <\/div>\n                <div data-colibri-id=\"1350-c7\" class=\"h-text h-text-component style-607 style-local-1350-c7 position-relative h-element\">\n                  <!---->\n                  <!---->\n                  <div class=\"\">\n                    <p><span style=\"font-weight: 400; font-size: 16px; font-family: &quot;Open Sans&quot;; color: rgb(102, 102, 102);\">A MSINFOTEC \u00e9 uma empresa reconhecida quando se considera a sua demanda em conserto impressora Epson, em virtude de a sua atividade consistir no oferecimento dos melhores produtos e servi\u00e7os com inova\u00e7\u00e3o constante adotando pre\u00e7os competitivos para todos os tipos de negocia\u00e7\u00e3o. Mais um ponto que deve ser considerado quando voc\u00ea escolhe a MSINFOTEC para uma requisi\u00e7\u00e3o em consertos de equipamentos para impress\u00e3o, diz respeito aos valores por ela considerados em sua atividade como uni\u00e3o, transpar\u00eancia, respeito com o cliente, compromisso e \u00e9tica<\/span><\/p>\n                  <\/div>\n                <\/div>\n              <\/div>\n            <\/div>\n          <\/div>\n          <div class=\"h-column h-column-container d-flex h-col-lg-auto h-col-md-auto h-col-auto style-608-outer style-local-1350-c8-outer\">\n            <div data-colibri-id=\"1350-c8\" class=\"d-flex h-flex-basis h-column__inner h-ui-empty-state-container h-px-lg-2 h-px-md-2 h-px-2 v-inner-lg-2 v-inner-md-2 v-inner-2 style-608 style-local-1350-c8 position-relative\">\n              <!---->\n              <!---->\n              <div class=\"w-100 h-y-container h-column__content h-column__v-align flex-basis-100\">\n                <!---->\n              <\/div>\n            <\/div>\n          <\/div>\n        <\/div>\n      <\/div>\n    <\/div>\n  <\/div>\n<\/div>","protected":false},"excerpt":{"rendered":"<p>About us ASSIST\u00caNCIA IMPRESSORA EPSON CIDADE INTERCAP &nbsp;&nbsp; A MSINFOTEC \u00e9 uma empresa reconhecida quando se considera a sua demanda em conserto impressora Epson, em virtude de a sua atividade consistir no oferecimento dos melhores produtos e servi\u00e7os com inova\u00e7\u00e3o constante adotando pre\u00e7os competitivos para todos os tipos de negocia\u00e7\u00e3o. Mais um ponto que deve [&hellip;]<\/p>\n","protected":false},"author":1,"featured_media":0,"parent":0,"menu_order":0,"comment_status":"closed","ping_status":"closed","template":"page-templates\/full-width-page.php","meta":{"footnotes":""},"class_list":["post-1350","page","type-page","status-publish","hentry"],"yoast_head":"<!-- This site is optimized with the Yoast SEO plugin v27.5 - https:\/\/yoast.com\/product\/yoast-seo-wordpress\/ -->\n<title>ASSIST\u00caNCIA IMPRESSORA EPSON CIDADE INTERCAP \u00a0\u00a0\u00a0\u00a0\u00a0 - Assist\u00eancia T\u00e9cnica Impressora Epson<\/title>\n<meta name=\"description\" content=\"ASSIST\u00caNCIA IMPRESSORA EPSON CIDADE INTERCAP - TELEFONES PRA CONTATO 113462-5314 OU 1198403319 DE SEGUNDA A SABADO.\" \/>\n<meta name=\"robots\" content=\"index, follow, max-snippet:-1, max-image-preview:large, max-video-preview:-1\" \/>\n<link rel=\"canonical\" href=\"https:\/\/assistenciaimpressoraepson.com.br\/index.php\/assistencia-impressora-epson-cidade-intercap\/\" \/>\n<meta property=\"og:locale\" content=\"pt_BR\" \/>\n<meta property=\"og:type\" content=\"article\" \/>\n<meta property=\"og:title\" content=\"ASSIST\u00caNCIA IMPRESSORA EPSON CIDADE INTERCAP \u00a0\u00a0\u00a0\u00a0\u00a0 - Assist\u00eancia T\u00e9cnica Impressora Epson\" \/>\n<meta property=\"og:description\" content=\"ASSIST\u00caNCIA IMPRESSORA EPSON CIDADE INTERCAP - TELEFONES PRA CONTATO 113462-5314 OU 1198403319 DE SEGUNDA A SABADO.\" \/>\n<meta property=\"og:url\" content=\"https:\/\/assistenciaimpressoraepson.com.br\/index.php\/assistencia-impressora-epson-cidade-intercap\/\" \/>\n<meta property=\"og:site_name\" content=\"Assist\u00eancia T\u00e9cnica Impressora Epson\" \/>\n<meta property=\"article:modified_time\" content=\"2023-11-08T18:27:16+00:00\" \/>\n<meta property=\"og:image\" content=\"https:\/\/i0.wp.com\/assistenciaimpressoraepson.com.br\/wp-content\/uploads\/2023\/11\/download-1.png?fit=300%2C168&ssl=1\" \/>\n\t<meta property=\"og:image:width\" content=\"300\" \/>\n\t<meta property=\"og:image:height\" content=\"168\" \/>\n\t<meta property=\"og:image:type\" content=\"image\/png\" \/>\n<meta name=\"twitter:card\" content=\"summary_large_image\" \/>\n<script type=\"application\/ld+json\" class=\"yoast-schema-graph\">{\"@context\":\"https:\\\/\\\/schema.org\",\"@graph\":[{\"@type\":\"WebPage\",\"@id\":\"https:\\\/\\\/assistenciaimpressoraepson.com.br\\\/index.php\\\/assistencia-impressora-epson-cidade-intercap\\\/\",\"url\":\"https:\\\/\\\/assistenciaimpressoraepson.com.br\\\/index.php\\\/assistencia-impressora-epson-cidade-intercap\\\/\",\"name\":\"ASSIST\u00caNCIA IMPRESSORA EPSON CIDADE INTERCAP \u00a0\u00a0\u00a0\u00a0\u00a0 - Assist\u00eancia T\u00e9cnica Impressora Epson\",\"isPartOf\":{\"@id\":\"https:\\\/\\\/assistenciaimpressoraepson.com.br\\\/#website\"},\"datePublished\":\"2023-11-08T18:22:16+00:00\",\"dateModified\":\"2023-11-08T18:27:16+00:00\",\"description\":\"ASSIST\u00caNCIA IMPRESSORA EPSON CIDADE INTERCAP - TELEFONES PRA CONTATO 113462-5314 OU 1198403319 DE SEGUNDA A SABADO.\",\"breadcrumb\":{\"@id\":\"https:\\\/\\\/assistenciaimpressoraepson.com.br\\\/index.php\\\/assistencia-impressora-epson-cidade-intercap\\\/#breadcrumb\"},\"inLanguage\":\"pt-BR\",\"potentialAction\":[{\"@type\":\"ReadAction\",\"target\":[\"https:\\\/\\\/assistenciaimpressoraepson.com.br\\\/index.php\\\/assistencia-impressora-epson-cidade-intercap\\\/\"]}]},{\"@type\":\"BreadcrumbList\",\"@id\":\"https:\\\/\\\/assistenciaimpressoraepson.com.br\\\/index.php\\\/assistencia-impressora-epson-cidade-intercap\\\/#breadcrumb\",\"itemListElement\":[{\"@type\":\"ListItem\",\"position\":1,\"name\":\"In\u00edcio\",\"item\":\"https:\\\/\\\/assistenciaimpressoraepson.com.br\\\/\"},{\"@type\":\"ListItem\",\"position\":2,\"name\":\"ASSIST\u00caNCIA IMPRESSORA EPSON CIDADE INTERCAP \u00a0\u00a0\u00a0\u00a0\u00a0\"}]},{\"@type\":\"WebSite\",\"@id\":\"https:\\\/\\\/assistenciaimpressoraepson.com.br\\\/#website\",\"url\":\"https:\\\/\\\/assistenciaimpressoraepson.com.br\\\/\",\"name\":\"Manuten\u00e7\u00e3o de todas impressoras Epson Ecotank. L355 L375 L395 L455 L475 L495 L1300 L1800 L800 L810 L3110 L3150 L4150 L4160 L5190 L6161 L6171\",\"description\":\"Manuten\u00e7\u00e3o de todas impressoras Epson Ecotank. L355 L375 L395 L455 L475 L495 L1300 L1800 L800 L810 L3110 L3150 L4150 L4160 L5190 L6161 L6171\",\"publisher\":{\"@id\":\"https:\\\/\\\/assistenciaimpressoraepson.com.br\\\/#organization\"},\"alternateName\":\"Manuten\u00e7\u00e3o de todas impressoras Epson Ecotank. L355 L375 L395 L455 L475 L495 L1300 L1800 L800 L810 L3110 L3150 L4150 L4160 L5190 L6161 L6171\",\"potentialAction\":[{\"@type\":\"SearchAction\",\"target\":{\"@type\":\"EntryPoint\",\"urlTemplate\":\"https:\\\/\\\/assistenciaimpressoraepson.com.br\\\/?s={search_term_string}\"},\"query-input\":{\"@type\":\"PropertyValueSpecification\",\"valueRequired\":true,\"valueName\":\"search_term_string\"}}],\"inLanguage\":\"pt-BR\"},{\"@type\":\"Organization\",\"@id\":\"https:\\\/\\\/assistenciaimpressoraepson.com.br\\\/#organization\",\"name\":\"Assist\u00eancia T\u00e9cnica Impressora Epson\",\"alternateName\":\"Assist\u00eancia T\u00e9cnica Impressora Epson Tabo\u00e3o da Serra\",\"url\":\"https:\\\/\\\/assistenciaimpressoraepson.com.br\\\/\",\"logo\":{\"@type\":\"ImageObject\",\"inLanguage\":\"pt-BR\",\"@id\":\"https:\\\/\\\/assistenciaimpressoraepson.com.br\\\/#\\\/schema\\\/logo\\\/image\\\/\",\"url\":\"https:\\\/\\\/i0.wp.com\\\/assistenciaimpressoraepson.com.br\\\/wp-content\\\/uploads\\\/2023\\\/11\\\/download-2.png?fit=457%2C110&ssl=1\",\"contentUrl\":\"https:\\\/\\\/i0.wp.com\\\/assistenciaimpressoraepson.com.br\\\/wp-content\\\/uploads\\\/2023\\\/11\\\/download-2.png?fit=457%2C110&ssl=1\",\"width\":457,\"height\":110,\"caption\":\"Assist\u00eancia T\u00e9cnica Impressora Epson\"},\"image\":{\"@id\":\"https:\\\/\\\/assistenciaimpressoraepson.com.br\\\/#\\\/schema\\\/logo\\\/image\\\/\"}}]}<\/script>\n<!-- \/ Yoast SEO plugin. -->","yoast_head_json":{"title":"ASSIST\u00caNCIA IMPRESSORA EPSON CIDADE INTERCAP \u00a0\u00a0\u00a0\u00a0\u00a0 - Assist\u00eancia T\u00e9cnica Impressora Epson","description":"ASSIST\u00caNCIA IMPRESSORA EPSON CIDADE INTERCAP - TELEFONES PRA CONTATO 113462-5314 OU 1198403319 DE SEGUNDA A SABADO.","robots":{"index":"index","follow":"follow","max-snippet":"max-snippet:-1","max-image-preview":"max-image-preview:large","max-video-preview":"max-video-preview:-1"},"canonical":"https:\/\/assistenciaimpressoraepson.com.br\/index.php\/assistencia-impressora-epson-cidade-intercap\/","og_locale":"pt_BR","og_type":"article","og_title":"ASSIST\u00caNCIA IMPRESSORA EPSON CIDADE INTERCAP \u00a0\u00a0\u00a0\u00a0\u00a0 - Assist\u00eancia T\u00e9cnica Impressora Epson","og_description":"ASSIST\u00caNCIA IMPRESSORA EPSON CIDADE INTERCAP - TELEFONES PRA CONTATO 113462-5314 OU 1198403319 DE SEGUNDA A SABADO.","og_url":"https:\/\/assistenciaimpressoraepson.com.br\/index.php\/assistencia-impressora-epson-cidade-intercap\/","og_site_name":"Assist\u00eancia T\u00e9cnica Impressora Epson","article_modified_time":"2023-11-08T18:27:16+00:00","og_image":[{"width":300,"height":168,"url":"https:\/\/i0.wp.com\/assistenciaimpressoraepson.com.br\/wp-content\/uploads\/2023\/11\/download-1.png?fit=300%2C168&ssl=1","type":"image\/png"}],"twitter_card":"summary_large_image","schema":{"@context":"https:\/\/schema.org","@graph":[{"@type":"WebPage","@id":"https:\/\/assistenciaimpressoraepson.com.br\/index.php\/assistencia-impressora-epson-cidade-intercap\/","url":"https:\/\/assistenciaimpressoraepson.com.br\/index.php\/assistencia-impressora-epson-cidade-intercap\/","name":"ASSIST\u00caNCIA IMPRESSORA EPSON CIDADE INTERCAP \u00a0\u00a0\u00a0\u00a0\u00a0 - Assist\u00eancia T\u00e9cnica Impressora Epson","isPartOf":{"@id":"https:\/\/assistenciaimpressoraepson.com.br\/#website"},"datePublished":"2023-11-08T18:22:16+00:00","dateModified":"2023-11-08T18:27:16+00:00","description":"ASSIST\u00caNCIA IMPRESSORA EPSON CIDADE INTERCAP - TELEFONES PRA CONTATO 113462-5314 OU 1198403319 DE SEGUNDA A SABADO.","breadcrumb":{"@id":"https:\/\/assistenciaimpressoraepson.com.br\/index.php\/assistencia-impressora-epson-cidade-intercap\/#breadcrumb"},"inLanguage":"pt-BR","potentialAction":[{"@type":"ReadAction","target":["https:\/\/assistenciaimpressoraepson.com.br\/index.php\/assistencia-impressora-epson-cidade-intercap\/"]}]},{"@type":"BreadcrumbList","@id":"https:\/\/assistenciaimpressoraepson.com.br\/index.php\/assistencia-impressora-epson-cidade-intercap\/#breadcrumb","itemListElement":[{"@type":"ListItem","position":1,"name":"In\u00edcio","item":"https:\/\/assistenciaimpressoraepson.com.br\/"},{"@type":"ListItem","position":2,"name":"ASSIST\u00caNCIA IMPRESSORA EPSON CIDADE INTERCAP \u00a0\u00a0\u00a0\u00a0\u00a0"}]},{"@type":"WebSite","@id":"https:\/\/assistenciaimpressoraepson.com.br\/#website","url":"https:\/\/assistenciaimpressoraepson.com.br\/","name":"Manuten\u00e7\u00e3o de todas impressoras Epson Ecotank. L355 L375 L395 L455 L475 L495 L1300 L1800 L800 L810 L3110 L3150 L4150 L4160 L5190 L6161 L6171","description":"Manuten\u00e7\u00e3o de todas impressoras Epson Ecotank. L355 L375 L395 L455 L475 L495 L1300 L1800 L800 L810 L3110 L3150 L4150 L4160 L5190 L6161 L6171","publisher":{"@id":"https:\/\/assistenciaimpressoraepson.com.br\/#organization"},"alternateName":"Manuten\u00e7\u00e3o de todas impressoras Epson Ecotank. L355 L375 L395 L455 L475 L495 L1300 L1800 L800 L810 L3110 L3150 L4150 L4160 L5190 L6161 L6171","potentialAction":[{"@type":"SearchAction","target":{"@type":"EntryPoint","urlTemplate":"https:\/\/assistenciaimpressoraepson.com.br\/?s={search_term_string}"},"query-input":{"@type":"PropertyValueSpecification","valueRequired":true,"valueName":"search_term_string"}}],"inLanguage":"pt-BR"},{"@type":"Organization","@id":"https:\/\/assistenciaimpressoraepson.com.br\/#organization","name":"Assist\u00eancia T\u00e9cnica Impressora Epson","alternateName":"Assist\u00eancia T\u00e9cnica Impressora Epson Tabo\u00e3o da Serra","url":"https:\/\/assistenciaimpressoraepson.com.br\/","logo":{"@type":"ImageObject","inLanguage":"pt-BR","@id":"https:\/\/assistenciaimpressoraepson.com.br\/#\/schema\/logo\/image\/","url":"https:\/\/i0.wp.com\/assistenciaimpressoraepson.com.br\/wp-content\/uploads\/2023\/11\/download-2.png?fit=457%2C110&ssl=1","contentUrl":"https:\/\/i0.wp.com\/assistenciaimpressoraepson.com.br\/wp-content\/uploads\/2023\/11\/download-2.png?fit=457%2C110&ssl=1","width":457,"height":110,"caption":"Assist\u00eancia T\u00e9cnica Impressora Epson"},"image":{"@id":"https:\/\/assistenciaimpressoraepson.com.br\/#\/schema\/logo\/image\/"}}]}},"jetpack_sharing_enabled":true,"_links":{"self":[{"href":"https:\/\/assistenciaimpressoraepson.com.br\/index.php\/wp-json\/wp\/v2\/pages\/1350","targetHints":{"allow":["GET"]}}],"collection":[{"href":"https:\/\/assistenciaimpressoraepson.com.br\/index.php\/wp-json\/wp\/v2\/pages"}],"about":[{"href":"https:\/\/assistenciaimpressoraepson.com.br\/index.php\/wp-json\/wp\/v2\/types\/page"}],"author":[{"embeddable":true,"href":"https:\/\/assistenciaimpressoraepson.com.br\/index.php\/wp-json\/wp\/v2\/users\/1"}],"replies":[{"embeddable":true,"href":"https:\/\/assistenciaimpressoraepson.com.br\/index.php\/wp-json\/wp\/v2\/comments?post=1350"}],"version-history":[{"count":2,"href":"https:\/\/assistenciaimpressoraepson.com.br\/index.php\/wp-json\/wp\/v2\/pages\/1350\/revisions"}],"predecessor-version":[{"id":1356,"href":"https:\/\/assistenciaimpressoraepson.com.br\/index.php\/wp-json\/wp\/v2\/pages\/1350\/revisions\/1356"}],"wp:attachment":[{"href":"https:\/\/assistenciaimpressoraepson.com.br\/index.php\/wp-json\/wp\/v2\/media?parent=1350"}],"curies":[{"name":"wp","href":"https:\/\/api.w.org\/{rel}","templated":true}]}}