{"id":1278,"date":"2023-11-05T21:34:01","date_gmt":"2023-11-06T00:34:01","guid":{"rendered":"http:\/\/consertoimpressoraepson.com.br\/?page_id=1278"},"modified":"2023-11-05T21:36:10","modified_gmt":"2023-11-06T00:36:10","slug":"assistencia-impressora-epson-jardim-maria-luiza-taboao-da-serra-sp","status":"publish","type":"page","link":"https:\/\/assistenciaimpressoraepson.com.br\/index.php\/assistencia-impressora-epson-jardim-maria-luiza-taboao-da-serra-sp\/","title":{"rendered":"assistencia-impressora-epson-jardim-maria-luiza-taboao-da-serra-sp"},"content":{"rendered":"\n<p>Sua Impressora Epson est\u00e1 apresentando problemas ? N\u00f3s podemos de ajudar! Servi\u00e7o Especializado para Assist\u00eancia T\u00e9cnica Impressoras Epson em Tabo\u00e3o da Serra &#8211; SP.<\/p>\n\n\n\n<p><\/p>\n\n\n\n<figure class=\"wp-block-image size-full\"><img data-recalc-dims=\"1\" loading=\"lazy\" decoding=\"async\" width=\"388\" height=\"388\" src=\"https:\/\/i0.wp.com\/consertoimpressoraepson.com.br\/wp-content\/uploads\/2023\/11\/cropped-19vin_mdy_42_l.jpeg?resize=388%2C388\" alt=\"\" class=\"wp-image-1270\" srcset=\"https:\/\/i0.wp.com\/assistenciaimpressoraepson.com.br\/wp-content\/uploads\/2023\/11\/cropped-19vin_mdy_42_l.jpeg?w=388&amp;ssl=1 388w, https:\/\/i0.wp.com\/assistenciaimpressoraepson.com.br\/wp-content\/uploads\/2023\/11\/cropped-19vin_mdy_42_l.jpeg?resize=300%2C300&amp;ssl=1 300w, https:\/\/i0.wp.com\/assistenciaimpressoraepson.com.br\/wp-content\/uploads\/2023\/11\/cropped-19vin_mdy_42_l.jpeg?resize=150%2C150&amp;ssl=1 150w\" sizes=\"auto, (max-width: 388px) 100vw, 388px\" \/><\/figure>\n","protected":false},"excerpt":{"rendered":"<p>Sua Impressora Epson est\u00e1 apresentando problemas ? N\u00f3s podemos de ajudar! Servi\u00e7o Especializado para Assist\u00eancia T\u00e9cnica Impressoras Epson em Tabo\u00e3o da Serra &#8211; SP.<\/p>\n","protected":false},"author":1,"featured_media":0,"parent":0,"menu_order":0,"comment_status":"closed","ping_status":"closed","template":"","meta":{"footnotes":""},"class_list":["post-1278","page","type-page","status-publish","hentry"],"yoast_head":"<!-- This site is optimized with the Yoast SEO plugin v27.5 - https:\/\/yoast.com\/product\/yoast-seo-wordpress\/ -->\n<title>assistencia-impressora-epson-jardim-maria-luiza-taboao-da-serra-sp - Assist\u00eancia T\u00e9cnica Impressora Epson<\/title>\n<meta name=\"description\" content=\"assist\u00eancia impressora epson jardim maria Luiza Tabo\u00e3o da serra 11 3462-5314\" \/>\n<meta name=\"robots\" content=\"index, follow, max-snippet:-1, max-image-preview:large, max-video-preview:-1\" \/>\n<link rel=\"canonical\" href=\"https:\/\/assistenciaimpressoraepson.com.br\/index.php\/assistencia-impressora-epson-jardim-maria-luiza-taboao-da-serra-sp\/\" \/>\n<meta property=\"og:locale\" content=\"pt_BR\" \/>\n<meta property=\"og:type\" content=\"article\" \/>\n<meta property=\"og:title\" content=\"assistencia-impressora-epson-jardim-maria-luiza-taboao-da-serra-sp - Assist\u00eancia T\u00e9cnica Impressora Epson\" \/>\n<meta property=\"og:description\" content=\"assist\u00eancia impressora epson jardim maria Luiza Tabo\u00e3o da serra 11 3462-5314\" \/>\n<meta property=\"og:url\" content=\"https:\/\/assistenciaimpressoraepson.com.br\/index.php\/assistencia-impressora-epson-jardim-maria-luiza-taboao-da-serra-sp\/\" \/>\n<meta property=\"og:site_name\" content=\"Assist\u00eancia T\u00e9cnica Impressora Epson\" \/>\n<meta property=\"article:modified_time\" content=\"2023-11-06T00:36:10+00:00\" \/>\n<meta property=\"og:image\" content=\"http:\/\/consertoimpressoraepson.com.br\/wp-content\/uploads\/2023\/11\/cropped-19vin_mdy_42_l.jpeg\" \/>\n<meta name=\"twitter:card\" content=\"summary_large_image\" \/>\n<meta name=\"twitter:label1\" content=\"Est. tempo de leitura\" \/>\n\t<meta name=\"twitter:data1\" content=\"1 minuto\" \/>\n<script type=\"application\/ld+json\" class=\"yoast-schema-graph\">{\"@context\":\"https:\\\/\\\/schema.org\",\"@graph\":[{\"@type\":\"WebPage\",\"@id\":\"https:\\\/\\\/assistenciaimpressoraepson.com.br\\\/index.php\\\/assistencia-impressora-epson-jardim-maria-luiza-taboao-da-serra-sp\\\/\",\"url\":\"https:\\\/\\\/assistenciaimpressoraepson.com.br\\\/index.php\\\/assistencia-impressora-epson-jardim-maria-luiza-taboao-da-serra-sp\\\/\",\"name\":\"assistencia-impressora-epson-jardim-maria-luiza-taboao-da-serra-sp - Assist\u00eancia T\u00e9cnica Impressora Epson\",\"isPartOf\":{\"@id\":\"https:\\\/\\\/assistenciaimpressoraepson.com.br\\\/#website\"},\"primaryImageOfPage\":{\"@id\":\"https:\\\/\\\/assistenciaimpressoraepson.com.br\\\/index.php\\\/assistencia-impressora-epson-jardim-maria-luiza-taboao-da-serra-sp\\\/#primaryimage\"},\"image\":{\"@id\":\"https:\\\/\\\/assistenciaimpressoraepson.com.br\\\/index.php\\\/assistencia-impressora-epson-jardim-maria-luiza-taboao-da-serra-sp\\\/#primaryimage\"},\"thumbnailUrl\":\"http:\\\/\\\/consertoimpressoraepson.com.br\\\/wp-content\\\/uploads\\\/2023\\\/11\\\/cropped-19vin_mdy_42_l.jpeg\",\"datePublished\":\"2023-11-06T00:34:01+00:00\",\"dateModified\":\"2023-11-06T00:36:10+00:00\",\"description\":\"assist\u00eancia impressora epson jardim maria Luiza Tabo\u00e3o da serra 11 3462-5314\",\"breadcrumb\":{\"@id\":\"https:\\\/\\\/assistenciaimpressoraepson.com.br\\\/index.php\\\/assistencia-impressora-epson-jardim-maria-luiza-taboao-da-serra-sp\\\/#breadcrumb\"},\"inLanguage\":\"pt-BR\",\"potentialAction\":[{\"@type\":\"ReadAction\",\"target\":[\"https:\\\/\\\/assistenciaimpressoraepson.com.br\\\/index.php\\\/assistencia-impressora-epson-jardim-maria-luiza-taboao-da-serra-sp\\\/\"]}]},{\"@type\":\"ImageObject\",\"inLanguage\":\"pt-BR\",\"@id\":\"https:\\\/\\\/assistenciaimpressoraepson.com.br\\\/index.php\\\/assistencia-impressora-epson-jardim-maria-luiza-taboao-da-serra-sp\\\/#primaryimage\",\"url\":\"http:\\\/\\\/consertoimpressoraepson.com.br\\\/wp-content\\\/uploads\\\/2023\\\/11\\\/cropped-19vin_mdy_42_l.jpeg\",\"contentUrl\":\"http:\\\/\\\/consertoimpressoraepson.com.br\\\/wp-content\\\/uploads\\\/2023\\\/11\\\/cropped-19vin_mdy_42_l.jpeg\"},{\"@type\":\"BreadcrumbList\",\"@id\":\"https:\\\/\\\/assistenciaimpressoraepson.com.br\\\/index.php\\\/assistencia-impressora-epson-jardim-maria-luiza-taboao-da-serra-sp\\\/#breadcrumb\",\"itemListElement\":[{\"@type\":\"ListItem\",\"position\":1,\"name\":\"In\u00edcio\",\"item\":\"https:\\\/\\\/assistenciaimpressoraepson.com.br\\\/\"},{\"@type\":\"ListItem\",\"position\":2,\"name\":\"assistencia-impressora-epson-jardim-maria-luiza-taboao-da-serra-sp\"}]},{\"@type\":\"WebSite\",\"@id\":\"https:\\\/\\\/assistenciaimpressoraepson.com.br\\\/#website\",\"url\":\"https:\\\/\\\/assistenciaimpressoraepson.com.br\\\/\",\"name\":\"Manuten\u00e7\u00e3o de todas impressoras Epson Ecotank. L355 L375 L395 L455 L475 L495 L1300 L1800 L800 L810 L3110 L3150 L4150 L4160 L5190 L6161 L6171\",\"description\":\"Manuten\u00e7\u00e3o de todas impressoras Epson Ecotank. L355 L375 L395 L455 L475 L495 L1300 L1800 L800 L810 L3110 L3150 L4150 L4160 L5190 L6161 L6171\",\"publisher\":{\"@id\":\"https:\\\/\\\/assistenciaimpressoraepson.com.br\\\/#organization\"},\"alternateName\":\"Manuten\u00e7\u00e3o de todas impressoras Epson Ecotank. L355 L375 L395 L455 L475 L495 L1300 L1800 L800 L810 L3110 L3150 L4150 L4160 L5190 L6161 L6171\",\"potentialAction\":[{\"@type\":\"SearchAction\",\"target\":{\"@type\":\"EntryPoint\",\"urlTemplate\":\"https:\\\/\\\/assistenciaimpressoraepson.com.br\\\/?s={search_term_string}\"},\"query-input\":{\"@type\":\"PropertyValueSpecification\",\"valueRequired\":true,\"valueName\":\"search_term_string\"}}],\"inLanguage\":\"pt-BR\"},{\"@type\":\"Organization\",\"@id\":\"https:\\\/\\\/assistenciaimpressoraepson.com.br\\\/#organization\",\"name\":\"Assist\u00eancia T\u00e9cnica Impressora Epson\",\"alternateName\":\"Assist\u00eancia T\u00e9cnica Impressora Epson Tabo\u00e3o da Serra\",\"url\":\"https:\\\/\\\/assistenciaimpressoraepson.com.br\\\/\",\"logo\":{\"@type\":\"ImageObject\",\"inLanguage\":\"pt-BR\",\"@id\":\"https:\\\/\\\/assistenciaimpressoraepson.com.br\\\/#\\\/schema\\\/logo\\\/image\\\/\",\"url\":\"https:\\\/\\\/i0.wp.com\\\/assistenciaimpressoraepson.com.br\\\/wp-content\\\/uploads\\\/2023\\\/11\\\/download-2.png?fit=457%2C110&ssl=1\",\"contentUrl\":\"https:\\\/\\\/i0.wp.com\\\/assistenciaimpressoraepson.com.br\\\/wp-content\\\/uploads\\\/2023\\\/11\\\/download-2.png?fit=457%2C110&ssl=1\",\"width\":457,\"height\":110,\"caption\":\"Assist\u00eancia T\u00e9cnica Impressora Epson\"},\"image\":{\"@id\":\"https:\\\/\\\/assistenciaimpressoraepson.com.br\\\/#\\\/schema\\\/logo\\\/image\\\/\"}}]}<\/script>\n<!-- \/ Yoast SEO plugin. -->","yoast_head_json":{"title":"assistencia-impressora-epson-jardim-maria-luiza-taboao-da-serra-sp - Assist\u00eancia T\u00e9cnica Impressora Epson","description":"assist\u00eancia impressora epson jardim maria Luiza Tabo\u00e3o da serra 11 3462-5314","robots":{"index":"index","follow":"follow","max-snippet":"max-snippet:-1","max-image-preview":"max-image-preview:large","max-video-preview":"max-video-preview:-1"},"canonical":"https:\/\/assistenciaimpressoraepson.com.br\/index.php\/assistencia-impressora-epson-jardim-maria-luiza-taboao-da-serra-sp\/","og_locale":"pt_BR","og_type":"article","og_title":"assistencia-impressora-epson-jardim-maria-luiza-taboao-da-serra-sp - Assist\u00eancia T\u00e9cnica Impressora Epson","og_description":"assist\u00eancia impressora epson jardim maria Luiza Tabo\u00e3o da serra 11 3462-5314","og_url":"https:\/\/assistenciaimpressoraepson.com.br\/index.php\/assistencia-impressora-epson-jardim-maria-luiza-taboao-da-serra-sp\/","og_site_name":"Assist\u00eancia T\u00e9cnica Impressora Epson","article_modified_time":"2023-11-06T00:36:10+00:00","og_image":[{"url":"http:\/\/consertoimpressoraepson.com.br\/wp-content\/uploads\/2023\/11\/cropped-19vin_mdy_42_l.jpeg","type":"","width":"","height":""}],"twitter_card":"summary_large_image","twitter_misc":{"Est. tempo de leitura":"1 minuto"},"schema":{"@context":"https:\/\/schema.org","@graph":[{"@type":"WebPage","@id":"https:\/\/assistenciaimpressoraepson.com.br\/index.php\/assistencia-impressora-epson-jardim-maria-luiza-taboao-da-serra-sp\/","url":"https:\/\/assistenciaimpressoraepson.com.br\/index.php\/assistencia-impressora-epson-jardim-maria-luiza-taboao-da-serra-sp\/","name":"assistencia-impressora-epson-jardim-maria-luiza-taboao-da-serra-sp - Assist\u00eancia T\u00e9cnica Impressora Epson","isPartOf":{"@id":"https:\/\/assistenciaimpressoraepson.com.br\/#website"},"primaryImageOfPage":{"@id":"https:\/\/assistenciaimpressoraepson.com.br\/index.php\/assistencia-impressora-epson-jardim-maria-luiza-taboao-da-serra-sp\/#primaryimage"},"image":{"@id":"https:\/\/assistenciaimpressoraepson.com.br\/index.php\/assistencia-impressora-epson-jardim-maria-luiza-taboao-da-serra-sp\/#primaryimage"},"thumbnailUrl":"http:\/\/consertoimpressoraepson.com.br\/wp-content\/uploads\/2023\/11\/cropped-19vin_mdy_42_l.jpeg","datePublished":"2023-11-06T00:34:01+00:00","dateModified":"2023-11-06T00:36:10+00:00","description":"assist\u00eancia impressora epson jardim maria Luiza Tabo\u00e3o da serra 11 3462-5314","breadcrumb":{"@id":"https:\/\/assistenciaimpressoraepson.com.br\/index.php\/assistencia-impressora-epson-jardim-maria-luiza-taboao-da-serra-sp\/#breadcrumb"},"inLanguage":"pt-BR","potentialAction":[{"@type":"ReadAction","target":["https:\/\/assistenciaimpressoraepson.com.br\/index.php\/assistencia-impressora-epson-jardim-maria-luiza-taboao-da-serra-sp\/"]}]},{"@type":"ImageObject","inLanguage":"pt-BR","@id":"https:\/\/assistenciaimpressoraepson.com.br\/index.php\/assistencia-impressora-epson-jardim-maria-luiza-taboao-da-serra-sp\/#primaryimage","url":"http:\/\/consertoimpressoraepson.com.br\/wp-content\/uploads\/2023\/11\/cropped-19vin_mdy_42_l.jpeg","contentUrl":"http:\/\/consertoimpressoraepson.com.br\/wp-content\/uploads\/2023\/11\/cropped-19vin_mdy_42_l.jpeg"},{"@type":"BreadcrumbList","@id":"https:\/\/assistenciaimpressoraepson.com.br\/index.php\/assistencia-impressora-epson-jardim-maria-luiza-taboao-da-serra-sp\/#breadcrumb","itemListElement":[{"@type":"ListItem","position":1,"name":"In\u00edcio","item":"https:\/\/assistenciaimpressoraepson.com.br\/"},{"@type":"ListItem","position":2,"name":"assistencia-impressora-epson-jardim-maria-luiza-taboao-da-serra-sp"}]},{"@type":"WebSite","@id":"https:\/\/assistenciaimpressoraepson.com.br\/#website","url":"https:\/\/assistenciaimpressoraepson.com.br\/","name":"Manuten\u00e7\u00e3o de todas impressoras Epson Ecotank. L355 L375 L395 L455 L475 L495 L1300 L1800 L800 L810 L3110 L3150 L4150 L4160 L5190 L6161 L6171","description":"Manuten\u00e7\u00e3o de todas impressoras Epson Ecotank. L355 L375 L395 L455 L475 L495 L1300 L1800 L800 L810 L3110 L3150 L4150 L4160 L5190 L6161 L6171","publisher":{"@id":"https:\/\/assistenciaimpressoraepson.com.br\/#organization"},"alternateName":"Manuten\u00e7\u00e3o de todas impressoras Epson Ecotank. L355 L375 L395 L455 L475 L495 L1300 L1800 L800 L810 L3110 L3150 L4150 L4160 L5190 L6161 L6171","potentialAction":[{"@type":"SearchAction","target":{"@type":"EntryPoint","urlTemplate":"https:\/\/assistenciaimpressoraepson.com.br\/?s={search_term_string}"},"query-input":{"@type":"PropertyValueSpecification","valueRequired":true,"valueName":"search_term_string"}}],"inLanguage":"pt-BR"},{"@type":"Organization","@id":"https:\/\/assistenciaimpressoraepson.com.br\/#organization","name":"Assist\u00eancia T\u00e9cnica Impressora Epson","alternateName":"Assist\u00eancia T\u00e9cnica Impressora Epson Tabo\u00e3o da Serra","url":"https:\/\/assistenciaimpressoraepson.com.br\/","logo":{"@type":"ImageObject","inLanguage":"pt-BR","@id":"https:\/\/assistenciaimpressoraepson.com.br\/#\/schema\/logo\/image\/","url":"https:\/\/i0.wp.com\/assistenciaimpressoraepson.com.br\/wp-content\/uploads\/2023\/11\/download-2.png?fit=457%2C110&ssl=1","contentUrl":"https:\/\/i0.wp.com\/assistenciaimpressoraepson.com.br\/wp-content\/uploads\/2023\/11\/download-2.png?fit=457%2C110&ssl=1","width":457,"height":110,"caption":"Assist\u00eancia T\u00e9cnica Impressora Epson"},"image":{"@id":"https:\/\/assistenciaimpressoraepson.com.br\/#\/schema\/logo\/image\/"}}]}},"jetpack_sharing_enabled":true,"_links":{"self":[{"href":"https:\/\/assistenciaimpressoraepson.com.br\/index.php\/wp-json\/wp\/v2\/pages\/1278","targetHints":{"allow":["GET"]}}],"collection":[{"href":"https:\/\/assistenciaimpressoraepson.com.br\/index.php\/wp-json\/wp\/v2\/pages"}],"about":[{"href":"https:\/\/assistenciaimpressoraepson.com.br\/index.php\/wp-json\/wp\/v2\/types\/page"}],"author":[{"embeddable":true,"href":"https:\/\/assistenciaimpressoraepson.com.br\/index.php\/wp-json\/wp\/v2\/users\/1"}],"replies":[{"embeddable":true,"href":"https:\/\/assistenciaimpressoraepson.com.br\/index.php\/wp-json\/wp\/v2\/comments?post=1278"}],"version-history":[{"count":0,"href":"https:\/\/assistenciaimpressoraepson.com.br\/index.php\/wp-json\/wp\/v2\/pages\/1278\/revisions"}],"wp:attachment":[{"href":"https:\/\/assistenciaimpressoraepson.com.br\/index.php\/wp-json\/wp\/v2\/media?parent=1278"}],"curies":[{"name":"wp","href":"https:\/\/api.w.org\/{rel}","templated":true}]}}