{"id":1035,"date":"2023-11-04T21:47:27","date_gmt":"2023-11-05T00:47:27","guid":{"rendered":"http:\/\/consertoimpressoraepson.com.br\/?page_id=1035"},"modified":"2023-11-05T15:58:46","modified_gmt":"2023-11-05T18:58:46","slug":"assistencia-tecnica-impressora-epson-taboao-da-serra","status":"publish","type":"page","link":"https:\/\/assistenciaimpressoraepson.com.br\/index.php\/assistencia-tecnica-impressora-epson-taboao-da-serra\/","title":{"rendered":"Servi\u00e7os"},"content":{"rendered":"<div class=\"style-557 style-local-1035-c1 position-relative\" data-colibri-id=\"1035-c1\">\n<div id=\"initial-content\" class=\"h-section h-section-global-spacing d-flex align-items-lg-center align-items-md-center align-items-center style-558 style-local-1035-c2 position-relative\" data-colibri-component=\"section\" data-colibri-id=\"1035-c2\">\n<div class=\"h-section-grid-container h-section-boxed-container\">\n<div class=\"h-row-container gutters-row-lg-2 gutters-row-md-2 gutters-row-0 gutters-row-v-lg-2 gutters-row-v-md-2 gutters-row-v-2 style-562 style-local-1035-c6 position-relative\" data-colibri-id=\"1035-c6\">\n<div class=\"h-row justify-content-lg-center justify-content-md-center justify-content-center align-items-lg-stretch align-items-md-stretch align-items-stretch gutters-col-lg-2 gutters-col-md-2 gutters-col-0 gutters-col-v-lg-2 gutters-col-v-md-2 gutters-col-v-2\">\n<div class=\"h-column h-column-container d-flex h-col-lg-auto h-col-md-auto h-col-auto style-563-outer style-local-1035-c7-outer\">\n<div class=\"d-flex h-flex-basis h-column__inner h-px-lg-2 h-px-md-2 h-px-2 v-inner-lg-2 v-inner-md-2 v-inner-2 style-563 style-local-1035-c7 position-relative\" data-colibri-id=\"1035-c7\">\n<div class=\"w-100 h-y-container h-column__content h-column__v-align flex-basis-100 align-self-lg-start align-self-md-start align-self-start\">\n<div class=\"h-global-transition-all h-heading style-564 style-local-1035-c8 position-relative h-element\" data-colibri-id=\"1035-c8\">\n<div class=\"h-heading__outer style-564 style-local-1035-c8\">\n<h1 class=\"widget-title wow fadeInUp animated animated animated\" data-wow-duration=\"500ms\" data-wow-delay=\"0ms\">Assist\u00eancia T\u00e9cnica Impressora Epson Tabo\u00e3o da Serra<\/h1>\n<div class=\"widget-separator\">\u00a0<\/div>\n<\/div>\n<\/div>\n<\/div>\n<\/div>\n<\/div>\n<\/div>\n<\/div>\n<\/div>\n<\/div>\n<\/div>\n\n\n<p class=\"has-text-align-center\">ASSIST\u00caNCIA IMPRESSORA EPSON ARRAIAL PAULISTA &nbsp;&nbsp;&nbsp;&nbsp;&nbsp;&nbsp;<\/p>\n\n\n\n<p class=\"has-text-align-center\">ASSIST\u00caNCIA IMPRESSORA EPSON CENTRO TABOAO DA SERRA &nbsp;&nbsp;&nbsp;&nbsp;&nbsp;&nbsp;<\/p>\n\n\n\n<p class=\"has-text-align-center\">ASSIST\u00caNCIA IMPRESSORA EPSON CHACARA AGRINDUS &nbsp;&nbsp;&nbsp;&nbsp;&nbsp;&nbsp;<\/p>\n\n\n\n<p class=\"has-text-align-center\">ASSIST\u00caNCIA IMPRESSORA EPSON CIDADE INTERCAP &nbsp;&nbsp;&nbsp;&nbsp;&nbsp;&nbsp;<\/p>\n\n\n\n<p class=\"has-text-align-center\">ASSIST\u00caNCIA IMPRESSORA EPSON CONDOMINIO &nbsp;IOLANDA &nbsp;&nbsp;&nbsp;&nbsp;&nbsp;&nbsp;<\/p>\n\n\n\n<p class=\"has-text-align-center\">ASSIST\u00caNCIA IMPRESSORA EPSON JARDIM &nbsp;ALTOS DO TABO\u00c3O &nbsp;&nbsp;&nbsp;&nbsp;&nbsp;&nbsp;<\/p>\n\n\n\n<p class=\"has-text-align-center\">ASSIST\u00caNCIA IMPRESSORA EPSON JARDIM AMERICA &nbsp;&nbsp;&nbsp;&nbsp;&nbsp;<\/p>\n\n\n\n<p class=\"has-text-align-center\">ASSIST\u00caNCIA IMPRESSORA EPSON JARDIM BEATRIZ&nbsp; &nbsp;&nbsp;&nbsp;&nbsp;&nbsp;&nbsp;<\/p>\n\n\n\n<p class=\"has-text-align-center\">ASSIST\u00caNCIA IMPRESSORA EPSON JARDIM BOM TEMPO &nbsp;&nbsp;&nbsp;&nbsp;&nbsp;&nbsp;<\/p>\n\n\n\n<p class=\"has-text-align-center\">ASSIST\u00caNCIA IMPRESSORA EPSON JARDIM BONANZA &nbsp;&nbsp;&nbsp;&nbsp;&nbsp;&nbsp;<\/p>\n\n\n\n<p class=\"has-text-align-center\">&nbsp;ASSIST\u00caNCIA IMPRESSORA EPSONJARDIM CANER &nbsp;&nbsp;&nbsp;&nbsp;&nbsp;&nbsp;<\/p>\n\n\n\n<p class=\"has-text-align-center\">ASSIST\u00caNCIA IMPRESSORA EPSON JARDIM CLEMENTINO &nbsp;&nbsp;&nbsp;&nbsp;&nbsp;&nbsp;<\/p>\n\n\n\n<p class=\"has-text-align-center\">ASSIST\u00caNCIA IMPRESSORA EPSON JARDIM DA GLORIA &nbsp;&nbsp;&nbsp;&nbsp;&nbsp;&nbsp;<\/p>\n\n\n\n<p class=\"has-text-align-center\">ASSIST\u00caNCIA IMPRESSORA EPSON JARDIM ELIZABETE &nbsp;&nbsp;&nbsp;&nbsp;&nbsp;<\/p>\n\n\n\n<p class=\"has-text-align-center\">&nbsp;ASSIST\u00caNCIA IMPRESSORA EPSON JARDIM FLORIDA &nbsp;&nbsp;&nbsp;&nbsp;&nbsp;&nbsp;<\/p>\n\n\n\n<p class=\"has-text-align-center\">ASSIST\u00caNCIA IMPRESSORA EPSON &nbsp;JARDIM FREI GALVAO &nbsp;&nbsp;&nbsp;&nbsp;&nbsp;&nbsp;<\/p>\n\n\n\n<p class=\"has-text-align-center\">ASSIST\u00caNCIA IMPRESSORA EPSONJARDIM FREITAS JUNIOR &nbsp;&nbsp;&nbsp;&nbsp;&nbsp;&nbsp;<\/p>\n\n\n\n<p class=\"has-text-align-center\">ASSIST\u00caNCIA IMPRESSORA EPSON JARDIM GUACIARA &nbsp;&nbsp;&nbsp;&nbsp;&nbsp;&nbsp;<\/p>\n\n\n\n<p class=\"has-text-align-center\">ASSIST\u00caNCIA IMPRESSORA EPSON JARDIM GUAYANA &nbsp;&nbsp;&nbsp;&nbsp;&nbsp;&nbsp;<\/p>\n\n\n\n<p class=\"has-text-align-center\">ASSIST\u00caNCIA IMPRESSORA EPSON JARDIM HELENA &nbsp;&nbsp;&nbsp;&nbsp;&nbsp;&nbsp;<\/p>\n\n\n\n<p class=\"has-text-align-center\">ASSIST\u00caNCIA IMPRESSORA EPSON JARDIM HENRIQUETA &nbsp;&nbsp;&nbsp;&nbsp;&nbsp;&nbsp;<\/p>\n\n\n\n<p class=\"has-text-align-center\">ASSIST\u00caNCIA IMPRESSORA EPSON JARDIM IRACEMA &nbsp;&nbsp;&nbsp;&nbsp;&nbsp;&nbsp;<\/p>\n\n\n\n<p class=\"has-text-align-center\">ASSIST\u00caNCIA IMPRESSORA EPSON JARDIM IRAPUA &nbsp;&nbsp;&nbsp;&nbsp;&nbsp;&nbsp;<\/p>\n\n\n\n<p class=\"has-text-align-center\">ASSIST\u00caNCIA IMPRESSORA EPSON JARDIM KUABARA &nbsp;&nbsp;&nbsp;&nbsp;&nbsp;&nbsp;<\/p>\n\n\n\n<p class=\"has-text-align-center\">ASSIST\u00caNCIA IMPRESSORA EPSON JARDIM LEME &nbsp;&nbsp;&nbsp;&nbsp;&nbsp;&nbsp;<\/p>\n\n\n\n<p class=\"has-text-align-center\">ASSIST\u00caNCIA IMPRESSORA EPSON JARDIM LOTEC &nbsp;&nbsp;&nbsp;&nbsp;&nbsp;&nbsp;<\/p>\n\n\n\n<p class=\"has-text-align-center\">ASSIST\u00caNCIA IMPRESSORA EPSON JARDIM &nbsp;MARGARIDA &nbsp;&nbsp;&nbsp;&nbsp;&nbsp;<\/p>\n\n\n\n<p class=\"has-text-align-center\">ASSIST\u00caNCIA IMPRESSORA EPSON JARDIM MARIA HELENA&nbsp; &nbsp; &nbsp;<\/p>\n\n\n\n<p class=\"has-text-align-center\">&nbsp;ASSIST\u00caNCIA IMPRESSORA EPSON JARDIM MARIA LUIZA&nbsp; &nbsp; &nbsp;&nbsp;<\/p>\n\n\n\n<p class=\"has-text-align-center\">&nbsp;ASSIST\u00caNCIA IMPRESSORA EPSON JARDIM MARIA ROSA&nbsp; &nbsp; &nbsp;&nbsp;<\/p>\n\n\n\n<p class=\"has-text-align-center\">&nbsp;ASSIST\u00caNCIA IMPRESSORA EPSON JARDIM MARLENE&nbsp; &nbsp; &nbsp;&nbsp;<\/p>\n\n\n\n<p class=\"has-text-align-center\">&nbsp;ASSIST\u00caNCIA IMPRESSORA EPSON JARDIM MIRNA&nbsp; &nbsp; &nbsp;&nbsp;<\/p>\n\n\n\n<p class=\"has-text-align-center\">&nbsp;ASSIST\u00caNCIA IMPRESSORA EPSON JARDIM MITUZI&nbsp; &nbsp; &nbsp;&nbsp;<\/p>\n\n\n\n<p class=\"has-text-align-center\">&nbsp;ASSIST\u00caNCIA IMPRESSORA EPSON JARDIM MONTE ALEGRE&nbsp; &nbsp; &nbsp;&nbsp;<\/p>\n\n\n\n<p class=\"has-text-align-center\">&nbsp;ASSIST\u00caNCIA IMPRESSORA EPSON JARDIM OLINDA<\/p>\n\n\n\n<p class=\"has-text-align-center\">ASSIST\u00caNCIA IMPRESSORA EPSON JARDIM DAS OLIVEIRAS&nbsp; &nbsp; &nbsp;&nbsp;<\/p>\n\n\n\n<p class=\"has-text-align-center\">ASSIST\u00caNCIA IMPRESSORA EPSON JARDIM OURO PRETO &nbsp;&nbsp;&nbsp;&nbsp;&nbsp;<\/p>\n\n\n\n<p class=\"has-text-align-center\">&nbsp;ASSIST\u00caNCIA IMPRESSORA EPSON JARDIM PANORAMA&nbsp; &nbsp; &nbsp;&nbsp;<\/p>\n\n\n\n<p class=\"has-text-align-center\">ASSIST\u00caNCIA IMPRESSORA EPSON JARDIM PARAISO&nbsp; &nbsp; &nbsp;&nbsp;<\/p>\n\n\n\n<p class=\"has-text-align-center\">&nbsp;ASSIST\u00caNCIA IMPRESSORA EPSON JARDIM PAZINI&nbsp; &nbsp; &nbsp;&nbsp;<\/p>\n\n\n\n<p class=\"has-text-align-center\">&nbsp;ASSIST\u00caNCIA IMPRESSORA EPSON JARDIM PEDRO GONCALVES&nbsp; &nbsp; &nbsp;<\/p>\n\n\n\n<p class=\"has-text-align-center\">&nbsp;ASSIST\u00caNCIA IMPRESSORA EPSON JARDIM PIRAJUSSARA&nbsp; &nbsp; &nbsp;&nbsp;<\/p>\n\n\n\n<p class=\"has-text-align-center\">&nbsp;ASSIST\u00caNCIA IMPRESSORA EPSON JARDIM RECORD&nbsp; &nbsp; &nbsp;&nbsp;<\/p>\n\n\n\n<p class=\"has-text-align-center\">&nbsp;ASSIST\u00caNCIA IMPRESSORA EPSON JARDIM ROBERTO&nbsp; &nbsp; &nbsp;&nbsp;<\/p>\n\n\n\n<p class=\"has-text-align-center\">ASSIST\u00caNCIA IMPRESSORA EPSON JARDIM SAINT MORITZ &nbsp; &nbsp; &nbsp;&nbsp;<\/p>\n\n\n\n<p class=\"has-text-align-center\">ASSIST\u00caNCIA IMPRESSORA EPSON JARDIM SALETE &nbsp;&nbsp;&nbsp;&nbsp;&nbsp;&nbsp;<\/p>\n\n\n\n<p class=\"has-text-align-center\">&nbsp;ASSIST\u00caNCIA IMPRESSORA EPSON JARDIM SANTA CECILIA&nbsp; &nbsp; &nbsp;&nbsp;<\/p>\n\n\n\n<p class=\"has-text-align-center\">ASSIST\u00caNCIA IMPRESSORA EPSON JARDIM SANTA CRUZ<\/p>\n\n\n\n<p class=\"has-text-align-center\">ASSIST\u00caNCIA IMPRESSORA EPSON JARDIM SANTA ROSA &nbsp;&nbsp;&nbsp;&nbsp;&nbsp;<\/p>\n\n\n\n<p class=\"has-text-align-center\">&nbsp;ASSIST\u00caNCIA IMPRESSORA EPSON JARDIM SANTA TEREZINHA&nbsp; &nbsp; &nbsp;&nbsp;<\/p>\n\n\n\n<p class=\"has-text-align-center\">&nbsp;ASSIST\u00caNCIA IMPRESSORA EPSON JARDIM SANTO ONOFRE&nbsp; &nbsp; &nbsp;&nbsp;<\/p>\n\n\n\n<p class=\"has-text-align-center\">ASSIST\u00caNCIA IMPRESSORA EPSON JARDIM S\u00c3O JOAO&nbsp; &nbsp; &nbsp;&nbsp;<\/p>\n\n\n\n<p class=\"has-text-align-center\">&nbsp;ASSIST\u00caNCIA IMPRESSORA EPSON JARDIM S\u00c3O JUDAS TADEU&nbsp; &nbsp; &nbsp;&nbsp;<\/p>\n\n\n\n<p class=\"has-text-align-center\">&nbsp;ASSIST\u00caNCIA IMPRESSORA EPSON JARDIM S\u00c3O LUIZ&nbsp; &nbsp; &nbsp;&nbsp;<\/p>\n\n\n\n<p class=\"has-text-align-center\">&nbsp;ASSIST\u00caNCIA IMPRESSORA EPSON JARDIM S\u00c3O MATEUS&nbsp; &nbsp; &nbsp;&nbsp;<\/p>\n\n\n\n<p class=\"has-text-align-center\">&nbsp;ASSIST\u00caNCIA IMPRESSORA EPSON JARDIM S\u00c3O MIGUEL&nbsp; &nbsp; &nbsp;&nbsp;<\/p>\n\n\n\n<p class=\"has-text-align-center\">ASSIST\u00caNCIA IMPRESSORA EPSON JARDIM S\u00c3O PAULO &nbsp;&nbsp;&nbsp;&nbsp;&nbsp;<\/p>\n\n\n\n<p class=\"has-text-align-center\">&nbsp;ASSIST\u00caNCIA IMPRESSORA EPSON JARDIM S\u00c3O SALVADOR<\/p>\n\n\n\n<p class=\"has-text-align-center\">&nbsp;ASSIST\u00caNCIA IMPRESSORA EPSON JARDIM SAPORITO &nbsp;&nbsp;&nbsp;&nbsp;&nbsp;&nbsp;<\/p>\n\n\n\n<p class=\"has-text-align-center\">&nbsp;ASSIST\u00caNCIA IMPRESSORA EPSON JARDIM SCANDIA&nbsp; &nbsp; &nbsp;&nbsp;<\/p>\n\n\n\n<p class=\"has-text-align-center\">&nbsp; ASSIST\u00caNCIA IMPRESSORA EPSON JARDIM SILVIO SAMPAIO &nbsp;<\/p>\n\n\n\n<p class=\"has-text-align-center\">&nbsp;ASSIST\u00caNCIA IMPRESSORA EPSON JARDIM TABO\u00c3O&nbsp; &nbsp; &nbsp;&nbsp;<\/p>\n\n\n\n<p class=\"has-text-align-center\">&nbsp;ASSIST\u00caNCIA IMPRESSORA EPSON JARDIM TRES IRM\u00c3OS&nbsp; &nbsp; &nbsp;&nbsp;<\/p>\n\n\n\n<p class=\"has-text-align-center\">ASSIST\u00caNCIA IMPRESSORA EPSON JARDIM TRES MARIAS &nbsp;&nbsp;&nbsp;&nbsp;&nbsp;<\/p>\n\n\n\n<p class=\"has-text-align-center\">&nbsp;ASSIST\u00caNCIA IMPRESSORA EPSON JARDIM TRI\u00c2NGULO&nbsp; &nbsp; &nbsp;<\/p>\n\n\n\n<p class=\"has-text-align-center\">&nbsp;ASSIST\u00caNCIA IMPRESSORA EPSON JARDIM TRIANON&nbsp; &nbsp; &nbsp;&nbsp;<\/p>\n\n\n\n<p class=\"has-text-align-center\">&nbsp;ASSIST\u00caNCIA IMPRESSORA EPSON JARDIM VIRGINIA&nbsp; &nbsp; &nbsp;&nbsp;<\/p>\n\n\n\n<p class=\"has-text-align-center\">&nbsp;ASSIST\u00caNCIA IMPRESSORA EPSON JARDIM WANDA&nbsp; &nbsp; &nbsp;&nbsp;<\/p>\n\n\n\n<p class=\"has-text-align-center\">ASSIST\u00caNCIA IMPRESSORA EPSON NUCLEO RESIDENCIAL ISABELA&nbsp; &nbsp; &nbsp;&nbsp;<\/p>\n\n\n\n<p class=\"has-text-align-center\">ASSIST\u00caNCIA IMPRESSORA EPSON PARQUE ALBINA&nbsp; &nbsp;&nbsp;<\/p>\n\n\n\n<p class=\"has-text-align-center\">ASSIST\u00caNCIA IMPRESSORA EPSON PARQUE ASSUNCAO&nbsp; &nbsp; &nbsp;&nbsp;<\/p>\n\n\n\n<p class=\"has-text-align-center\">ASSIST\u00caNCIA IMPRESSORA EPSON PARQUE DAS CIGARREIRAS&nbsp; &nbsp; &nbsp;&nbsp;<\/p>\n\n\n\n<p class=\"has-text-align-center\">ASSIST\u00caNCIA IMPRESSORA EPSON PARQUE INDUSTRIAL TABO\u00c3O DA SERRA&nbsp; &nbsp; &nbsp;&nbsp;<\/p>\n\n\n\n<p class=\"has-text-align-center\">ASSIST\u00caNCIA IMPRESSORA EPSON PARQUE JACARANDA&nbsp; &nbsp; &nbsp;<\/p>\n\n\n\n<p class=\"has-text-align-center\">ASSIST\u00caNCIA IMPRESSORA EPSON&nbsp;PARQUE LAGUNA<\/p>\n\n\n\n<p class=\"has-text-align-center\">ASSIST\u00caNCIA IMPRESSORA EPSON PARQUE MARABA&nbsp; &nbsp; &nbsp;&nbsp;<\/p>\n\n\n\n<p class=\"has-text-align-center\">ASSIST\u00caNCIA IMPRESSORA EPSON PARQUE MONTE ALEGRE&nbsp; &nbsp; &nbsp;&nbsp;<\/p>\n\n\n\n<p class=\"has-text-align-center\">ASSIST\u00caNCIA IMPRESSORA EPSON PARQUE PINHEIROS&nbsp; &nbsp; &nbsp;&nbsp;<\/p>\n\n\n\n<p class=\"has-text-align-center\">ASSIST\u00caNCIA IMPRESSORA EPSON PARQUE RESIDENCIAL MONICA&nbsp; &nbsp; &nbsp;&nbsp;<\/p>\n\n\n\n<p class=\"has-text-align-center\">ASSIST\u00caNCIA IMPRESSORA EPSON PARQUE SANTOS DUMONT&nbsp; &nbsp; &nbsp;&nbsp;<\/p>\n\n\n\n<p class=\"has-text-align-center\">ASSIST\u00caNCIA IMPRESSORA EPSON PARQUE S\u00c3O JOAQUIM&nbsp; &nbsp; &nbsp;&nbsp;<\/p>\n\n\n\n<p class=\"has-text-align-center\">ASSIST\u00caNCIA IMPRESSORA EPSON&nbsp;PARQUE TABO\u00c3O &nbsp;&nbsp;&nbsp;<\/p>\n\n\n\n<p class=\"has-text-align-center\">ASSIST\u00caNCIA IMPRESSORA EPSON SITIO DAS MADRES TABO\u00c3O DA SERRA&nbsp; &nbsp; &nbsp;&nbsp;<\/p>\n\n\n\n<p class=\"has-text-align-center\">ASSIST\u00caNCIA IMPRESSORA EPSON&nbsp;&nbsp;VILA CARMELINA GONCALVES &nbsp;&nbsp;&nbsp;&nbsp;&nbsp;&nbsp;<\/p>\n\n\n\n<p class=\"has-text-align-center\">&nbsp;ASSIST\u00caNCIA IMPRESSORA EPSON VILA DAS OLIVEIRAS&nbsp; &nbsp; &nbsp;&nbsp;<\/p>\n\n\n\n<p class=\"has-text-align-center\">ASSIST\u00caNCIA IMPRESSORA EPSON VILA FRANCISCO REMEIKIS&nbsp; &nbsp; &nbsp;&nbsp;<\/p>\n\n\n\n<p class=\"has-text-align-center\">ASSIST\u00caNCIA IMPRESSORA EPSON VILA &nbsp;IASI &nbsp;&nbsp;&nbsp;&nbsp;&nbsp;<\/p>\n\n\n\n<p class=\"has-text-align-center\">ASSIST\u00caNCIA IMPRESSORA EPSON VILA&nbsp; INDIANA&nbsp; &nbsp; &nbsp;&nbsp;<\/p>\n\n\n\n<p class=\"has-text-align-center\">ASSIST\u00caNCIA IMPRESSORA EPSON VILA MAFALDA&nbsp; &nbsp; &nbsp;&nbsp;<\/p>\n\n\n\n<p class=\"has-text-align-center\">ASSIST\u00caNCIA IMPRESSORA EPSON VILA SANTA LUZIA&nbsp; &nbsp; &nbsp;&nbsp;<\/p>\n\n\n\n<p class=\"has-text-align-center\">ASSIST\u00caNCIA IMPRESSORA EPSON&nbsp;VILA SONIA DO TABO\u00c3O<\/p>\n","protected":false},"excerpt":{"rendered":"<p>Assist\u00eancia T\u00e9cnica Impressora Epson Tabo\u00e3o da Serra \u00a0 ASSIST\u00caNCIA IMPRESSORA EPSON ARRAIAL PAULISTA &nbsp;&nbsp;&nbsp;&nbsp;&nbsp;&nbsp; ASSIST\u00caNCIA IMPRESSORA EPSON CENTRO TABOAO DA SERRA &nbsp;&nbsp;&nbsp;&nbsp;&nbsp;&nbsp; ASSIST\u00caNCIA IMPRESSORA EPSON CHACARA AGRINDUS &nbsp;&nbsp;&nbsp;&nbsp;&nbsp;&nbsp; ASSIST\u00caNCIA IMPRESSORA EPSON CIDADE INTERCAP &nbsp;&nbsp;&nbsp;&nbsp;&nbsp;&nbsp; ASSIST\u00caNCIA IMPRESSORA EPSON CONDOMINIO &nbsp;IOLANDA &nbsp;&nbsp;&nbsp;&nbsp;&nbsp;&nbsp; ASSIST\u00caNCIA IMPRESSORA EPSON JARDIM &nbsp;ALTOS DO TABO\u00c3O &nbsp;&nbsp;&nbsp;&nbsp;&nbsp;&nbsp; ASSIST\u00caNCIA IMPRESSORA EPSON JARDIM AMERICA &nbsp;&nbsp;&nbsp;&nbsp;&nbsp; ASSIST\u00caNCIA [&hellip;]<\/p>\n","protected":false},"author":1,"featured_media":0,"parent":0,"menu_order":0,"comment_status":"closed","ping_status":"closed","template":"page-templates\/full-width-page.php","meta":{"footnotes":""},"class_list":["post-1035","page","type-page","status-publish","hentry"],"yoast_head":"<!-- This site is optimized with the Yoast SEO plugin v27.5 - https:\/\/yoast.com\/product\/yoast-seo-wordpress\/ -->\n<title>Servi\u00e7os - Assist\u00eancia T\u00e9cnica Impressora Epson<\/title>\n<meta name=\"description\" content=\"Conserto Epson - Reparo Epson - Manuten\u00e7\u00e3o Epson Assist\u00eancia T\u00e9cnica Impressora Epson Tabo\u00e3o da Serra 11 3462-5314\" \/>\n<meta name=\"robots\" content=\"index, follow, max-snippet:-1, max-image-preview:large, max-video-preview:-1\" \/>\n<link rel=\"canonical\" href=\"https:\/\/assistenciaimpressoraepson.com.br\/index.php\/assistencia-tecnica-impressora-epson-taboao-da-serra\/\" \/>\n<meta property=\"og:locale\" content=\"pt_BR\" \/>\n<meta property=\"og:type\" content=\"article\" \/>\n<meta property=\"og:title\" content=\"Servi\u00e7os - Assist\u00eancia T\u00e9cnica Impressora Epson\" \/>\n<meta property=\"og:description\" content=\"Conserto Epson - Reparo Epson - Manuten\u00e7\u00e3o Epson Assist\u00eancia T\u00e9cnica Impressora Epson Tabo\u00e3o da Serra 11 3462-5314\" \/>\n<meta property=\"og:url\" content=\"https:\/\/assistenciaimpressoraepson.com.br\/index.php\/assistencia-tecnica-impressora-epson-taboao-da-serra\/\" \/>\n<meta property=\"og:site_name\" content=\"Assist\u00eancia T\u00e9cnica Impressora Epson\" \/>\n<meta property=\"article:modified_time\" content=\"2023-11-05T18:58:46+00:00\" \/>\n<meta property=\"og:image\" content=\"https:\/\/i0.wp.com\/assistenciaimpressoraepson.com.br\/wp-content\/uploads\/2023\/11\/download-1.png?fit=300%2C168&ssl=1\" \/>\n\t<meta property=\"og:image:width\" content=\"300\" \/>\n\t<meta property=\"og:image:height\" content=\"168\" \/>\n\t<meta property=\"og:image:type\" content=\"image\/png\" \/>\n<meta name=\"twitter:card\" content=\"summary_large_image\" \/>\n<meta name=\"twitter:label1\" content=\"Est. tempo de leitura\" \/>\n\t<meta name=\"twitter:data1\" content=\"3 minutos\" \/>\n<script type=\"application\/ld+json\" class=\"yoast-schema-graph\">{\"@context\":\"https:\\\/\\\/schema.org\",\"@graph\":[{\"@type\":\"WebPage\",\"@id\":\"https:\\\/\\\/assistenciaimpressoraepson.com.br\\\/index.php\\\/assistencia-tecnica-impressora-epson-taboao-da-serra\\\/\",\"url\":\"https:\\\/\\\/assistenciaimpressoraepson.com.br\\\/index.php\\\/assistencia-tecnica-impressora-epson-taboao-da-serra\\\/\",\"name\":\"Servi\u00e7os - Assist\u00eancia T\u00e9cnica Impressora Epson\",\"isPartOf\":{\"@id\":\"https:\\\/\\\/assistenciaimpressoraepson.com.br\\\/#website\"},\"datePublished\":\"2023-11-05T00:47:27+00:00\",\"dateModified\":\"2023-11-05T18:58:46+00:00\",\"description\":\"Conserto Epson - Reparo Epson - Manuten\u00e7\u00e3o Epson Assist\u00eancia T\u00e9cnica Impressora Epson Tabo\u00e3o da Serra 11 3462-5314\",\"breadcrumb\":{\"@id\":\"https:\\\/\\\/assistenciaimpressoraepson.com.br\\\/index.php\\\/assistencia-tecnica-impressora-epson-taboao-da-serra\\\/#breadcrumb\"},\"inLanguage\":\"pt-BR\",\"potentialAction\":[{\"@type\":\"ReadAction\",\"target\":[\"https:\\\/\\\/assistenciaimpressoraepson.com.br\\\/index.php\\\/assistencia-tecnica-impressora-epson-taboao-da-serra\\\/\"]}]},{\"@type\":\"BreadcrumbList\",\"@id\":\"https:\\\/\\\/assistenciaimpressoraepson.com.br\\\/index.php\\\/assistencia-tecnica-impressora-epson-taboao-da-serra\\\/#breadcrumb\",\"itemListElement\":[{\"@type\":\"ListItem\",\"position\":1,\"name\":\"In\u00edcio\",\"item\":\"https:\\\/\\\/assistenciaimpressoraepson.com.br\\\/\"},{\"@type\":\"ListItem\",\"position\":2,\"name\":\"Servi\u00e7os\"}]},{\"@type\":\"WebSite\",\"@id\":\"https:\\\/\\\/assistenciaimpressoraepson.com.br\\\/#website\",\"url\":\"https:\\\/\\\/assistenciaimpressoraepson.com.br\\\/\",\"name\":\"Manuten\u00e7\u00e3o de todas impressoras Epson Ecotank. L355 L375 L395 L455 L475 L495 L1300 L1800 L800 L810 L3110 L3150 L4150 L4160 L5190 L6161 L6171\",\"description\":\"Manuten\u00e7\u00e3o de todas impressoras Epson Ecotank. L355 L375 L395 L455 L475 L495 L1300 L1800 L800 L810 L3110 L3150 L4150 L4160 L5190 L6161 L6171\",\"publisher\":{\"@id\":\"https:\\\/\\\/assistenciaimpressoraepson.com.br\\\/#organization\"},\"alternateName\":\"Manuten\u00e7\u00e3o de todas impressoras Epson Ecotank. L355 L375 L395 L455 L475 L495 L1300 L1800 L800 L810 L3110 L3150 L4150 L4160 L5190 L6161 L6171\",\"potentialAction\":[{\"@type\":\"SearchAction\",\"target\":{\"@type\":\"EntryPoint\",\"urlTemplate\":\"https:\\\/\\\/assistenciaimpressoraepson.com.br\\\/?s={search_term_string}\"},\"query-input\":{\"@type\":\"PropertyValueSpecification\",\"valueRequired\":true,\"valueName\":\"search_term_string\"}}],\"inLanguage\":\"pt-BR\"},{\"@type\":\"Organization\",\"@id\":\"https:\\\/\\\/assistenciaimpressoraepson.com.br\\\/#organization\",\"name\":\"Assist\u00eancia T\u00e9cnica Impressora Epson\",\"alternateName\":\"Assist\u00eancia T\u00e9cnica Impressora Epson Tabo\u00e3o da Serra\",\"url\":\"https:\\\/\\\/assistenciaimpressoraepson.com.br\\\/\",\"logo\":{\"@type\":\"ImageObject\",\"inLanguage\":\"pt-BR\",\"@id\":\"https:\\\/\\\/assistenciaimpressoraepson.com.br\\\/#\\\/schema\\\/logo\\\/image\\\/\",\"url\":\"https:\\\/\\\/i0.wp.com\\\/assistenciaimpressoraepson.com.br\\\/wp-content\\\/uploads\\\/2023\\\/11\\\/download-2.png?fit=457%2C110&ssl=1\",\"contentUrl\":\"https:\\\/\\\/i0.wp.com\\\/assistenciaimpressoraepson.com.br\\\/wp-content\\\/uploads\\\/2023\\\/11\\\/download-2.png?fit=457%2C110&ssl=1\",\"width\":457,\"height\":110,\"caption\":\"Assist\u00eancia T\u00e9cnica Impressora Epson\"},\"image\":{\"@id\":\"https:\\\/\\\/assistenciaimpressoraepson.com.br\\\/#\\\/schema\\\/logo\\\/image\\\/\"}}]}<\/script>\n<!-- \/ Yoast SEO plugin. -->","yoast_head_json":{"title":"Servi\u00e7os - Assist\u00eancia T\u00e9cnica Impressora Epson","description":"Conserto Epson - Reparo Epson - Manuten\u00e7\u00e3o Epson Assist\u00eancia T\u00e9cnica Impressora Epson Tabo\u00e3o da Serra 11 3462-5314","robots":{"index":"index","follow":"follow","max-snippet":"max-snippet:-1","max-image-preview":"max-image-preview:large","max-video-preview":"max-video-preview:-1"},"canonical":"https:\/\/assistenciaimpressoraepson.com.br\/index.php\/assistencia-tecnica-impressora-epson-taboao-da-serra\/","og_locale":"pt_BR","og_type":"article","og_title":"Servi\u00e7os - Assist\u00eancia T\u00e9cnica Impressora Epson","og_description":"Conserto Epson - Reparo Epson - Manuten\u00e7\u00e3o Epson Assist\u00eancia T\u00e9cnica Impressora Epson Tabo\u00e3o da Serra 11 3462-5314","og_url":"https:\/\/assistenciaimpressoraepson.com.br\/index.php\/assistencia-tecnica-impressora-epson-taboao-da-serra\/","og_site_name":"Assist\u00eancia T\u00e9cnica Impressora Epson","article_modified_time":"2023-11-05T18:58:46+00:00","og_image":[{"width":300,"height":168,"url":"https:\/\/i0.wp.com\/assistenciaimpressoraepson.com.br\/wp-content\/uploads\/2023\/11\/download-1.png?fit=300%2C168&ssl=1","type":"image\/png"}],"twitter_card":"summary_large_image","twitter_misc":{"Est. tempo de leitura":"3 minutos"},"schema":{"@context":"https:\/\/schema.org","@graph":[{"@type":"WebPage","@id":"https:\/\/assistenciaimpressoraepson.com.br\/index.php\/assistencia-tecnica-impressora-epson-taboao-da-serra\/","url":"https:\/\/assistenciaimpressoraepson.com.br\/index.php\/assistencia-tecnica-impressora-epson-taboao-da-serra\/","name":"Servi\u00e7os - Assist\u00eancia T\u00e9cnica Impressora Epson","isPartOf":{"@id":"https:\/\/assistenciaimpressoraepson.com.br\/#website"},"datePublished":"2023-11-05T00:47:27+00:00","dateModified":"2023-11-05T18:58:46+00:00","description":"Conserto Epson - Reparo Epson - Manuten\u00e7\u00e3o Epson Assist\u00eancia T\u00e9cnica Impressora Epson Tabo\u00e3o da Serra 11 3462-5314","breadcrumb":{"@id":"https:\/\/assistenciaimpressoraepson.com.br\/index.php\/assistencia-tecnica-impressora-epson-taboao-da-serra\/#breadcrumb"},"inLanguage":"pt-BR","potentialAction":[{"@type":"ReadAction","target":["https:\/\/assistenciaimpressoraepson.com.br\/index.php\/assistencia-tecnica-impressora-epson-taboao-da-serra\/"]}]},{"@type":"BreadcrumbList","@id":"https:\/\/assistenciaimpressoraepson.com.br\/index.php\/assistencia-tecnica-impressora-epson-taboao-da-serra\/#breadcrumb","itemListElement":[{"@type":"ListItem","position":1,"name":"In\u00edcio","item":"https:\/\/assistenciaimpressoraepson.com.br\/"},{"@type":"ListItem","position":2,"name":"Servi\u00e7os"}]},{"@type":"WebSite","@id":"https:\/\/assistenciaimpressoraepson.com.br\/#website","url":"https:\/\/assistenciaimpressoraepson.com.br\/","name":"Manuten\u00e7\u00e3o de todas impressoras Epson Ecotank. L355 L375 L395 L455 L475 L495 L1300 L1800 L800 L810 L3110 L3150 L4150 L4160 L5190 L6161 L6171","description":"Manuten\u00e7\u00e3o de todas impressoras Epson Ecotank. L355 L375 L395 L455 L475 L495 L1300 L1800 L800 L810 L3110 L3150 L4150 L4160 L5190 L6161 L6171","publisher":{"@id":"https:\/\/assistenciaimpressoraepson.com.br\/#organization"},"alternateName":"Manuten\u00e7\u00e3o de todas impressoras Epson Ecotank. L355 L375 L395 L455 L475 L495 L1300 L1800 L800 L810 L3110 L3150 L4150 L4160 L5190 L6161 L6171","potentialAction":[{"@type":"SearchAction","target":{"@type":"EntryPoint","urlTemplate":"https:\/\/assistenciaimpressoraepson.com.br\/?s={search_term_string}"},"query-input":{"@type":"PropertyValueSpecification","valueRequired":true,"valueName":"search_term_string"}}],"inLanguage":"pt-BR"},{"@type":"Organization","@id":"https:\/\/assistenciaimpressoraepson.com.br\/#organization","name":"Assist\u00eancia T\u00e9cnica Impressora Epson","alternateName":"Assist\u00eancia T\u00e9cnica Impressora Epson Tabo\u00e3o da Serra","url":"https:\/\/assistenciaimpressoraepson.com.br\/","logo":{"@type":"ImageObject","inLanguage":"pt-BR","@id":"https:\/\/assistenciaimpressoraepson.com.br\/#\/schema\/logo\/image\/","url":"https:\/\/i0.wp.com\/assistenciaimpressoraepson.com.br\/wp-content\/uploads\/2023\/11\/download-2.png?fit=457%2C110&ssl=1","contentUrl":"https:\/\/i0.wp.com\/assistenciaimpressoraepson.com.br\/wp-content\/uploads\/2023\/11\/download-2.png?fit=457%2C110&ssl=1","width":457,"height":110,"caption":"Assist\u00eancia T\u00e9cnica Impressora Epson"},"image":{"@id":"https:\/\/assistenciaimpressoraepson.com.br\/#\/schema\/logo\/image\/"}}]}},"jetpack_sharing_enabled":true,"_links":{"self":[{"href":"https:\/\/assistenciaimpressoraepson.com.br\/index.php\/wp-json\/wp\/v2\/pages\/1035","targetHints":{"allow":["GET"]}}],"collection":[{"href":"https:\/\/assistenciaimpressoraepson.com.br\/index.php\/wp-json\/wp\/v2\/pages"}],"about":[{"href":"https:\/\/assistenciaimpressoraepson.com.br\/index.php\/wp-json\/wp\/v2\/types\/page"}],"author":[{"embeddable":true,"href":"https:\/\/assistenciaimpressoraepson.com.br\/index.php\/wp-json\/wp\/v2\/users\/1"}],"replies":[{"embeddable":true,"href":"https:\/\/assistenciaimpressoraepson.com.br\/index.php\/wp-json\/wp\/v2\/comments?post=1035"}],"version-history":[{"count":9,"href":"https:\/\/assistenciaimpressoraepson.com.br\/index.php\/wp-json\/wp\/v2\/pages\/1035\/revisions"}],"predecessor-version":[{"id":1201,"href":"https:\/\/assistenciaimpressoraepson.com.br\/index.php\/wp-json\/wp\/v2\/pages\/1035\/revisions\/1201"}],"wp:attachment":[{"href":"https:\/\/assistenciaimpressoraepson.com.br\/index.php\/wp-json\/wp\/v2\/media?parent=1035"}],"curies":[{"name":"wp","href":"https:\/\/api.w.org\/{rel}","templated":true}]}}