{"id":1033,"date":"2023-11-04T21:46:52","date_gmt":"2023-11-05T00:46:52","guid":{"rendered":"http:\/\/consertoimpressoraepson.com.br\/?page_id=1033"},"modified":"2023-11-05T15:47:07","modified_gmt":"2023-11-05T18:47:07","slug":"nossa-assistencia","status":"publish","type":"page","link":"https:\/\/assistenciaimpressoraepson.com.br\/index.php\/nossa-assistencia\/","title":{"rendered":"Nossa Assist\u00eancia"},"content":{"rendered":"<div class=\"style-523 style-local-1033-c1 position-relative\" data-colibri-id=\"1033-c1\">\n<div id=\"custom\" class=\"h-section h-section-global-spacing d-flex align-items-lg-center align-items-md-center align-items-center style-534 style-local-1033-c12 position-relative\" data-colibri-component=\"section\" data-colibri-id=\"1033-c12\">\n<div class=\"h-section-grid-container h-section-boxed-container\">\n<div class=\"h-row-container gutters-row-lg-2 gutters-row-md-2 gutters-row-0 gutters-row-v-lg-2 gutters-row-v-md-2 gutters-row-v-2 style-535 style-local-1033-c13 position-relative\" data-colibri-id=\"1033-c13\">\n<div class=\"h-row justify-content-lg-center justify-content-md-center justify-content-center align-items-lg-stretch align-items-md-stretch align-items-stretch gutters-col-lg-2 gutters-col-md-2 gutters-col-0 gutters-col-v-lg-2 gutters-col-v-md-2 gutters-col-v-2\">\n<div class=\"h-column h-column-container d-flex h-col-lg-auto h-col-md-auto h-col-auto style-536-outer style-local-1033-c14-outer\">\n<div class=\"d-flex h-flex-basis h-column__inner h-px-lg-2 h-px-md-2 h-px-2 v-inner-lg-2 v-inner-md-2 v-inner-2 style-536 style-local-1033-c14 position-relative\" data-colibri-id=\"1033-c14\">\n<div class=\"w-100 h-y-container h-column__content h-column__v-align flex-basis-100 align-self-lg-start align-self-md-start align-self-start\">\n<div class=\"h-text h-text-component style-537 style-local-1033-c15 position-relative h-element\" data-colibri-id=\"1033-c15\">\n<div class=\"\">\n<h2>Assist\u00eancia T\u00e9cnica Epson: Mantendo seus Equipamentos em \u00d3timo Estado<\/h2>\nA assist\u00eancia t\u00e9cnica Epson desempenha um papel\nfundamental na garantia da qualidade e vida \u00fatil dos dispositivos, garantindo que voc\u00ea possa aproveitar ao m\u00e1ximo suas funcionalidades.\n<h2>Por que a Assist\u00eancia T\u00e9cnica Epson \u00e9 Importante?<\/h2>\nA Epson \u00e9 uma marca reconhecida por sua qualidade e inova\u00e7\u00e3o em produtos eletr\u00f4nicos, como impressoras, scanners e projetores. Para garantir que esses dispositivos funcionem de forma otimizada, \u00e9 essencial contar com um servi\u00e7o de\nassist\u00eancia t\u00e9cnica de confian\u00e7a.\n\nImagine a seguinte situa\u00e7\u00e3o: voc\u00ea precisa imprimir documentos importantes para uma reuni\u00e3o essencial, e sua impressora Epson come\u00e7a a apresentar problemas. Nesse momento, ter a assist\u00eancia t\u00e9cnica especializada dispon\u00edvel pode fazer\ntoda a diferen\u00e7a.\n<h2>Profissionais Especializados<\/h2>\nEles passam por treinamentos frequentes e est\u00e3o sempre atualizados com as \u00faltimas tecnologias e procedimentos\nde manuten\u00e7\u00e3o. Essa expertise permite que eles identifiquem rapidamente problemas e forne\u00e7am solu\u00e7\u00f5es eficientes.\n\nQuando voc\u00ea opta pela assist\u00eancia t\u00e9cnica Epson, tem a tranquilidade de saber que seu equipamento est\u00e1 nas m\u00e3os de especialistas que entendem todos os detalhes e peculiaridades dos produtos da marca. Isso garante um atendimento preciso\ne eficaz, poupando tempo e evitando dores de cabe\u00e7a desnecess\u00e1rias.\n<h2>Pe\u00e7as e Reparos Originais<\/h2>\nOutro diferencial importante da assist\u00eancia t\u00e9cnica Epson \u00e9 o uso exclusivo de pe\u00e7as originais em reparos.\n\nO uso de pe\u00e7as originais tamb\u00e9m contribui para a longevidade do equipamento, evitando problemas futuros causados pelo uso de pe\u00e7as n\u00e3o homologadas.\nem seu melhor desempenho.\n<h2>Agilidade e Efici\u00eancia<\/h2>\nNa assist\u00eancia t\u00e9cnica Epson, a agilidade \u00e9 uma prioridade. Os t\u00e9cnicos est\u00e3o preparados para atender os chamados de forma r\u00e1pida e eficiente, reduzindo\nao m\u00e1ximo o tempo em que voc\u00ea fica sem utilizar seu dispositivo.\n\nA agilidade no atendimento n\u00e3o compromete a qualidade do servi\u00e7o.\n\n<\/div>\n<\/div>\n<\/div>\n<\/div>\n<\/div>\n<\/div>\n<\/div>\n<\/div>\n<\/div>\n<\/div>","protected":false},"excerpt":{"rendered":"<p>Assist\u00eancia T\u00e9cnica Epson: Mantendo seus Equipamentos em \u00d3timo Estado A assist\u00eancia t\u00e9cnica Epson desempenha um papel fundamental na garantia da qualidade e vida \u00fatil dos dispositivos, garantindo que voc\u00ea possa aproveitar ao m\u00e1ximo suas funcionalidades. Por que a Assist\u00eancia T\u00e9cnica Epson \u00e9 Importante? A Epson \u00e9 uma marca reconhecida por sua qualidade e inova\u00e7\u00e3o em [&hellip;]<\/p>\n","protected":false},"author":1,"featured_media":0,"parent":0,"menu_order":0,"comment_status":"closed","ping_status":"closed","template":"page-templates\/full-width-page.php","meta":{"footnotes":""},"class_list":["post-1033","page","type-page","status-publish","hentry"],"yoast_head":"<!-- This site is optimized with the Yoast SEO plugin v27.5 - https:\/\/yoast.com\/product\/yoast-seo-wordpress\/ -->\n<title>Nossa Assist\u00eancia - Assist\u00eancia T\u00e9cnica Impressora Epson<\/title>\n<meta name=\"description\" content=\"Sua Impressora Epson est\u00e1 apresentando problemas ?Servi\u00e7o Especializado para Assist\u00eancia T\u00e9cnica Impressoras Epson em Tabo\u00e3o da Serra - SP.\" \/>\n<meta name=\"robots\" content=\"index, follow, max-snippet:-1, max-image-preview:large, max-video-preview:-1\" \/>\n<link rel=\"canonical\" href=\"https:\/\/assistenciaimpressoraepson.com.br\/index.php\/nossa-assistencia\/\" \/>\n<meta property=\"og:locale\" content=\"pt_BR\" \/>\n<meta property=\"og:type\" content=\"article\" \/>\n<meta property=\"og:title\" content=\"Nossa Assist\u00eancia - Assist\u00eancia T\u00e9cnica Impressora Epson\" \/>\n<meta property=\"og:description\" content=\"Sua Impressora Epson est\u00e1 apresentando problemas ?Servi\u00e7o Especializado para Assist\u00eancia T\u00e9cnica Impressoras Epson em Tabo\u00e3o da Serra - SP.\" \/>\n<meta property=\"og:url\" content=\"https:\/\/assistenciaimpressoraepson.com.br\/index.php\/nossa-assistencia\/\" \/>\n<meta property=\"og:site_name\" content=\"Assist\u00eancia T\u00e9cnica Impressora Epson\" \/>\n<meta property=\"article:modified_time\" content=\"2023-11-05T18:47:07+00:00\" \/>\n<meta property=\"og:image\" content=\"https:\/\/i0.wp.com\/assistenciaimpressoraepson.com.br\/wp-content\/uploads\/2023\/11\/download-1.png?fit=300%2C168&ssl=1\" \/>\n\t<meta property=\"og:image:width\" content=\"300\" \/>\n\t<meta property=\"og:image:height\" content=\"168\" \/>\n\t<meta property=\"og:image:type\" content=\"image\/png\" \/>\n<meta name=\"twitter:card\" content=\"summary_large_image\" \/>\n<meta name=\"twitter:label1\" content=\"Est. tempo de leitura\" \/>\n\t<meta name=\"twitter:data1\" content=\"2 minutos\" \/>\n<script type=\"application\/ld+json\" class=\"yoast-schema-graph\">{\"@context\":\"https:\\\/\\\/schema.org\",\"@graph\":[{\"@type\":\"WebPage\",\"@id\":\"https:\\\/\\\/assistenciaimpressoraepson.com.br\\\/index.php\\\/nossa-assistencia\\\/\",\"url\":\"https:\\\/\\\/assistenciaimpressoraepson.com.br\\\/index.php\\\/nossa-assistencia\\\/\",\"name\":\"Nossa Assist\u00eancia - Assist\u00eancia T\u00e9cnica Impressora Epson\",\"isPartOf\":{\"@id\":\"https:\\\/\\\/assistenciaimpressoraepson.com.br\\\/#website\"},\"datePublished\":\"2023-11-05T00:46:52+00:00\",\"dateModified\":\"2023-11-05T18:47:07+00:00\",\"description\":\"Sua Impressora Epson est\u00e1 apresentando problemas ?Servi\u00e7o Especializado para Assist\u00eancia T\u00e9cnica Impressoras Epson em Tabo\u00e3o da Serra - SP.\",\"breadcrumb\":{\"@id\":\"https:\\\/\\\/assistenciaimpressoraepson.com.br\\\/index.php\\\/nossa-assistencia\\\/#breadcrumb\"},\"inLanguage\":\"pt-BR\",\"potentialAction\":[{\"@type\":\"ReadAction\",\"target\":[\"https:\\\/\\\/assistenciaimpressoraepson.com.br\\\/index.php\\\/nossa-assistencia\\\/\"]}]},{\"@type\":\"BreadcrumbList\",\"@id\":\"https:\\\/\\\/assistenciaimpressoraepson.com.br\\\/index.php\\\/nossa-assistencia\\\/#breadcrumb\",\"itemListElement\":[{\"@type\":\"ListItem\",\"position\":1,\"name\":\"In\u00edcio\",\"item\":\"https:\\\/\\\/assistenciaimpressoraepson.com.br\\\/\"},{\"@type\":\"ListItem\",\"position\":2,\"name\":\"Nossa Assist\u00eancia\"}]},{\"@type\":\"WebSite\",\"@id\":\"https:\\\/\\\/assistenciaimpressoraepson.com.br\\\/#website\",\"url\":\"https:\\\/\\\/assistenciaimpressoraepson.com.br\\\/\",\"name\":\"Manuten\u00e7\u00e3o de todas impressoras Epson Ecotank. L355 L375 L395 L455 L475 L495 L1300 L1800 L800 L810 L3110 L3150 L4150 L4160 L5190 L6161 L6171\",\"description\":\"Manuten\u00e7\u00e3o de todas impressoras Epson Ecotank. L355 L375 L395 L455 L475 L495 L1300 L1800 L800 L810 L3110 L3150 L4150 L4160 L5190 L6161 L6171\",\"publisher\":{\"@id\":\"https:\\\/\\\/assistenciaimpressoraepson.com.br\\\/#organization\"},\"alternateName\":\"Manuten\u00e7\u00e3o de todas impressoras Epson Ecotank. L355 L375 L395 L455 L475 L495 L1300 L1800 L800 L810 L3110 L3150 L4150 L4160 L5190 L6161 L6171\",\"potentialAction\":[{\"@type\":\"SearchAction\",\"target\":{\"@type\":\"EntryPoint\",\"urlTemplate\":\"https:\\\/\\\/assistenciaimpressoraepson.com.br\\\/?s={search_term_string}\"},\"query-input\":{\"@type\":\"PropertyValueSpecification\",\"valueRequired\":true,\"valueName\":\"search_term_string\"}}],\"inLanguage\":\"pt-BR\"},{\"@type\":\"Organization\",\"@id\":\"https:\\\/\\\/assistenciaimpressoraepson.com.br\\\/#organization\",\"name\":\"Assist\u00eancia T\u00e9cnica Impressora Epson\",\"alternateName\":\"Assist\u00eancia T\u00e9cnica Impressora Epson Tabo\u00e3o da Serra\",\"url\":\"https:\\\/\\\/assistenciaimpressoraepson.com.br\\\/\",\"logo\":{\"@type\":\"ImageObject\",\"inLanguage\":\"pt-BR\",\"@id\":\"https:\\\/\\\/assistenciaimpressoraepson.com.br\\\/#\\\/schema\\\/logo\\\/image\\\/\",\"url\":\"https:\\\/\\\/i0.wp.com\\\/assistenciaimpressoraepson.com.br\\\/wp-content\\\/uploads\\\/2023\\\/11\\\/download-2.png?fit=457%2C110&ssl=1\",\"contentUrl\":\"https:\\\/\\\/i0.wp.com\\\/assistenciaimpressoraepson.com.br\\\/wp-content\\\/uploads\\\/2023\\\/11\\\/download-2.png?fit=457%2C110&ssl=1\",\"width\":457,\"height\":110,\"caption\":\"Assist\u00eancia T\u00e9cnica Impressora Epson\"},\"image\":{\"@id\":\"https:\\\/\\\/assistenciaimpressoraepson.com.br\\\/#\\\/schema\\\/logo\\\/image\\\/\"}}]}<\/script>\n<!-- \/ Yoast SEO plugin. -->","yoast_head_json":{"title":"Nossa Assist\u00eancia - Assist\u00eancia T\u00e9cnica Impressora Epson","description":"Sua Impressora Epson est\u00e1 apresentando problemas ?Servi\u00e7o Especializado para Assist\u00eancia T\u00e9cnica Impressoras Epson em Tabo\u00e3o da Serra - SP.","robots":{"index":"index","follow":"follow","max-snippet":"max-snippet:-1","max-image-preview":"max-image-preview:large","max-video-preview":"max-video-preview:-1"},"canonical":"https:\/\/assistenciaimpressoraepson.com.br\/index.php\/nossa-assistencia\/","og_locale":"pt_BR","og_type":"article","og_title":"Nossa Assist\u00eancia - Assist\u00eancia T\u00e9cnica Impressora Epson","og_description":"Sua Impressora Epson est\u00e1 apresentando problemas ?Servi\u00e7o Especializado para Assist\u00eancia T\u00e9cnica Impressoras Epson em Tabo\u00e3o da Serra - SP.","og_url":"https:\/\/assistenciaimpressoraepson.com.br\/index.php\/nossa-assistencia\/","og_site_name":"Assist\u00eancia T\u00e9cnica Impressora Epson","article_modified_time":"2023-11-05T18:47:07+00:00","og_image":[{"width":300,"height":168,"url":"https:\/\/i0.wp.com\/assistenciaimpressoraepson.com.br\/wp-content\/uploads\/2023\/11\/download-1.png?fit=300%2C168&ssl=1","type":"image\/png"}],"twitter_card":"summary_large_image","twitter_misc":{"Est. tempo de leitura":"2 minutos"},"schema":{"@context":"https:\/\/schema.org","@graph":[{"@type":"WebPage","@id":"https:\/\/assistenciaimpressoraepson.com.br\/index.php\/nossa-assistencia\/","url":"https:\/\/assistenciaimpressoraepson.com.br\/index.php\/nossa-assistencia\/","name":"Nossa Assist\u00eancia - Assist\u00eancia T\u00e9cnica Impressora Epson","isPartOf":{"@id":"https:\/\/assistenciaimpressoraepson.com.br\/#website"},"datePublished":"2023-11-05T00:46:52+00:00","dateModified":"2023-11-05T18:47:07+00:00","description":"Sua Impressora Epson est\u00e1 apresentando problemas ?Servi\u00e7o Especializado para Assist\u00eancia T\u00e9cnica Impressoras Epson em Tabo\u00e3o da Serra - SP.","breadcrumb":{"@id":"https:\/\/assistenciaimpressoraepson.com.br\/index.php\/nossa-assistencia\/#breadcrumb"},"inLanguage":"pt-BR","potentialAction":[{"@type":"ReadAction","target":["https:\/\/assistenciaimpressoraepson.com.br\/index.php\/nossa-assistencia\/"]}]},{"@type":"BreadcrumbList","@id":"https:\/\/assistenciaimpressoraepson.com.br\/index.php\/nossa-assistencia\/#breadcrumb","itemListElement":[{"@type":"ListItem","position":1,"name":"In\u00edcio","item":"https:\/\/assistenciaimpressoraepson.com.br\/"},{"@type":"ListItem","position":2,"name":"Nossa Assist\u00eancia"}]},{"@type":"WebSite","@id":"https:\/\/assistenciaimpressoraepson.com.br\/#website","url":"https:\/\/assistenciaimpressoraepson.com.br\/","name":"Manuten\u00e7\u00e3o de todas impressoras Epson Ecotank. L355 L375 L395 L455 L475 L495 L1300 L1800 L800 L810 L3110 L3150 L4150 L4160 L5190 L6161 L6171","description":"Manuten\u00e7\u00e3o de todas impressoras Epson Ecotank. L355 L375 L395 L455 L475 L495 L1300 L1800 L800 L810 L3110 L3150 L4150 L4160 L5190 L6161 L6171","publisher":{"@id":"https:\/\/assistenciaimpressoraepson.com.br\/#organization"},"alternateName":"Manuten\u00e7\u00e3o de todas impressoras Epson Ecotank. L355 L375 L395 L455 L475 L495 L1300 L1800 L800 L810 L3110 L3150 L4150 L4160 L5190 L6161 L6171","potentialAction":[{"@type":"SearchAction","target":{"@type":"EntryPoint","urlTemplate":"https:\/\/assistenciaimpressoraepson.com.br\/?s={search_term_string}"},"query-input":{"@type":"PropertyValueSpecification","valueRequired":true,"valueName":"search_term_string"}}],"inLanguage":"pt-BR"},{"@type":"Organization","@id":"https:\/\/assistenciaimpressoraepson.com.br\/#organization","name":"Assist\u00eancia T\u00e9cnica Impressora Epson","alternateName":"Assist\u00eancia T\u00e9cnica Impressora Epson Tabo\u00e3o da Serra","url":"https:\/\/assistenciaimpressoraepson.com.br\/","logo":{"@type":"ImageObject","inLanguage":"pt-BR","@id":"https:\/\/assistenciaimpressoraepson.com.br\/#\/schema\/logo\/image\/","url":"https:\/\/i0.wp.com\/assistenciaimpressoraepson.com.br\/wp-content\/uploads\/2023\/11\/download-2.png?fit=457%2C110&ssl=1","contentUrl":"https:\/\/i0.wp.com\/assistenciaimpressoraepson.com.br\/wp-content\/uploads\/2023\/11\/download-2.png?fit=457%2C110&ssl=1","width":457,"height":110,"caption":"Assist\u00eancia T\u00e9cnica Impressora Epson"},"image":{"@id":"https:\/\/assistenciaimpressoraepson.com.br\/#\/schema\/logo\/image\/"}}]}},"jetpack_sharing_enabled":true,"_links":{"self":[{"href":"https:\/\/assistenciaimpressoraepson.com.br\/index.php\/wp-json\/wp\/v2\/pages\/1033","targetHints":{"allow":["GET"]}}],"collection":[{"href":"https:\/\/assistenciaimpressoraepson.com.br\/index.php\/wp-json\/wp\/v2\/pages"}],"about":[{"href":"https:\/\/assistenciaimpressoraepson.com.br\/index.php\/wp-json\/wp\/v2\/types\/page"}],"author":[{"embeddable":true,"href":"https:\/\/assistenciaimpressoraepson.com.br\/index.php\/wp-json\/wp\/v2\/users\/1"}],"replies":[{"embeddable":true,"href":"https:\/\/assistenciaimpressoraepson.com.br\/index.php\/wp-json\/wp\/v2\/comments?post=1033"}],"version-history":[{"count":7,"href":"https:\/\/assistenciaimpressoraepson.com.br\/index.php\/wp-json\/wp\/v2\/pages\/1033\/revisions"}],"predecessor-version":[{"id":1193,"href":"https:\/\/assistenciaimpressoraepson.com.br\/index.php\/wp-json\/wp\/v2\/pages\/1033\/revisions\/1193"}],"wp:attachment":[{"href":"https:\/\/assistenciaimpressoraepson.com.br\/index.php\/wp-json\/wp\/v2\/media?parent=1033"}],"curies":[{"name":"wp","href":"https:\/\/api.w.org\/{rel}","templated":true}]}}